{"id":17963,"date":"2016-02-11T12:08:24","date_gmt":"2016-02-11T11:08:24","guid":{"rendered":"https:\/\/www.harzer-wandernadel.de\/stempelcentre\/oversigtskort\/stempelpunkt-7-plessenburg-kro\/"},"modified":"2026-02-28T21:07:08","modified_gmt":"2026-02-28T20:07:08","slug":"stempelpunkt-7-plessenburg-kro","status":"publish","type":"page","link":"https:\/\/www.harzer-wandernadel.de\/da\/stempelcentre\/oversigtskort\/stempelpunkt-7-plessenburg-kro\/","title":{"rendered":"Stempelpunkt 7 \/ Plessenburg kro"},"content":{"rendered":"\n<h2 class=\"wp-block-heading\">Historie og betydning af slottet Plessenburg i&nbsp;Harzen<\/h2>\n\n<figure class=\"wp-block-image alignwide size-large\" style=\"margin-top:3%;margin-bottom:3%\"><a href=\"https:\/\/www.harzer-wandernadel.de\/wp-content\/uploads\/2016\/02\/HWN-Plessenburg-Langlott-1024x683.jpg\"><img decoding=\"async\" width=\"1024\" height=\"683\" src=\"https:\/\/www.harzer-wandernadel.de\/wp-content\/uploads\/2016\/02\/HWN-Plessenburg-Langlott-1024x683.jpg\" alt=\"Murstenshus med r\u00f8dt tag omgivet af gr\u00f8nne omr\u00e5der\" class=\"wp-image-3796\" srcset=\"https:\/\/www.harzer-wandernadel.de\/wp-content\/uploads\/2016\/02\/HWN-Plessenburg-Langlott-1024x683.jpg 1024w, https:\/\/www.harzer-wandernadel.de\/wp-content\/uploads\/2016\/02\/HWN-Plessenburg-Langlott-300x200.jpg 300w, https:\/\/www.harzer-wandernadel.de\/wp-content\/uploads\/2016\/02\/HWN-Plessenburg-Langlott-768x512.jpg 768w, https:\/\/www.harzer-wandernadel.de\/wp-content\/uploads\/2016\/02\/HWN-Plessenburg-Langlott-250x167.jpg 250w, https:\/\/www.harzer-wandernadel.de\/wp-content\/uploads\/2016\/02\/HWN-Plessenburg-Langlott-624x416.jpg 624w\" sizes=\"(max-width: 1024px) 100vw, 1024px\"><\/a><\/figure>\n\n<p>If\u00f8l\u00adge det gam\u00adle system lig\u00adger slot\u00adtet Ples\u00adsen\u00adburg, som er vist p\u00e5 kor\u00adtet over grev\u00adska\u00adbet Wer\u00adni\u00adgero\u00adde i&nbsp;1768, p\u00e5 skov\u00adom\u00adr\u00e5\u00addet K\u00f6nigskoll. (Det\u00adte navn hen\u00advi\u00adser til et tr\u00e6kuls\u00adsted, hvor gran\u00adtr\u00e6 blev for\u00adkul\u00adlet til tr\u00e6kul). Byg\u00adge\u00adri\u00adet af jagtslot\u00adtet Ples\u00adsen\u00adburg begynd\u00adte den 27. okto\u00adber 1775 og stod f\u00e6r\u00addigt i&nbsp;tide til jagts\u00e6\u00adso\u00adnen i&nbsp;okto\u00adber&nbsp;1776.&nbsp;<\/p>\n\n<p>Ple\u00df er en by i&nbsp;\u00d8vre Sch\u00adlesi\u00aden, som kom i&nbsp;fyrster\u00adne af Anhalt-K\u00f6t\u00adhens besid\u00addel\u00adse kort f\u00f8r den\u00adne dato. Fyrst Fri\u00adedrich Erd\u00admann zu Anhalt-K\u00f6t\u00adhen-Ple\u00df gif\u00adte\u00adde sig med gre\u00adve\u00addat\u00adte\u00adren Lou\u00adi\u00adse Fer\u00addi\u00adnan\u00adde den 13. juni 1766. Nav\u00adnet Ples\u00adsen\u00adburg hen\u00advi\u00adser til den\u00adne svigers\u00f8n.&nbsp;<\/p>\n\n<p>I 1880 blev k\u00f8k\u00adken- og per\u00adso\u00adna\u00adle\u00adhu\u00adset byg\u00adget ved siden af jagt\u00adhu\u00adset i&nbsp;den loka\u00adle bin\u00addings\u00adv\u00e6rks\u00adstil. Ples\u00adsen\u00adburg Slot for\u00adblev i&nbsp;prins Chri\u00adsti\u00adan Ernst zu Stol\u00adberg \u2013 Wer\u00adni\u00adgero\u00addes besid\u00addel\u00adse ind\u00adtil 1945. I&nbsp;1945 solg\u00adte fyr\u00adsten to tred\u00adje\u00adde\u00adle af sin skov i&nbsp;Nord\u00adharzen til sko\u00adv\u00adfor\u00advalt\u00adnin\u00adgen i&nbsp;Ilsen\u00adburg. Fra 1967 til 1973 fun\u00adge\u00adre\u00adde jagtslot\u00adtet som et lokalt rekreationscenter.&nbsp;<\/p>\n\n<p>Den 25. juni 1973 \u00e5bne\u00adde Bern\u00adhard og Ruth Krebs en restau\u00adrant i&nbsp;det tid\u00adli\u00adge\u00adre k\u00f8k\u00adken og per\u00adso\u00adna\u00adle\u00adhus. I&nbsp;1980 blev jagt\u00adhyt\u00adten og det tid\u00adli\u00adge\u00adre per\u00adso\u00adna\u00adle\u00adhus lagt sam\u00admen til den nuv\u00e6\u00adren\u00adde sko\u00adv\u00adkro \u201ePles\u00adsen\u00adburg\u201c, som lig\u00adger i&nbsp;hjer\u00adtet af Harzen Natio\u00adnal\u00adpark og nu dri\u00adves af anden og tred\u00adje generation.&nbsp;<\/p>\n\n<p>Fra Ilsen\u00adburg kan man f\u00f8l\u00adge de afm\u00e6r\u00adke\u00adde van\u00addre\u00adsti\u00ader gen\u00adnem Ilse-dalen, men der er ogs\u00e5 en smuk van\u00addre\u00adsti fra Dar\u00adlin\u00adgero\u00adde eller Dr\u00fc\u00adbeck gen\u00adnem T\u00e4nn-dalen til slot\u00adtet Plessenburg.<\/p>\n\n<p>&nbsp;<\/p>\n","protected":false},"excerpt":{"rendered":"<p>Histo\u00adrie og betyd\u00adning af slot\u00adtet Ples\u00adsen\u00adburg i&nbsp;Harzen If\u00f8l\u00adge det gam\u00adle system lig\u00adger slot\u00adtet Ples\u00adsen\u00adburg, som er vist p\u00e5 kor\u00adtet over grev\u00adska\u00adbet Wer\u00adni\u00adgero\u00adde i&nbsp;1768, p\u00e5 skov\u00adom\u00adr\u00e5\u00addet K\u00f6nigskoll. (Det\u00adte navn hen\u00advi\u00adser til et tr\u00e6kuls\u00adsted, hvor gran\u00adtr\u00e6 blev for\u00adkul\u00adlet til tr\u00e6kul). Byg\u00adge\u00adri\u00adet af jagtslot\u00adtet Ples\u00adsen\u00adburg begynd\u00adte den 27. okto\u00adber 1775 og stod f\u00e6r\u00addigt i&nbsp;tide til jagts\u00e6\u00adso\u00adnen i&nbsp;okto\u00adber&nbsp;1776.&nbsp; Ple\u00df&nbsp;[\u2026]<\/p>\n","protected":false},"author":11,"featured_media":12463,"parent":17792,"menu_order":10007,"comment_status":"closed","ping_status":"closed","template":"","meta":{"_seopress_robots_primary_cat":"","_seopress_titles_title":"","_seopress_titles_desc":"Oplev historien om slottet Plessenburg i Harzen, og oplev vandreture gennem Ilse-dalen til den traditionelle skovkro.","_seopress_robots_index":"","wp_typography_post_enhancements_disabled":false,"iawp_total_views":3,"footnotes":""},"hf_cat_page":[120],"class_list":["post-17963","page","type-page","status-publish","has-post-thumbnail"],"blocksy_meta":[],"_links":{"self":[{"href":"https:\/\/www.harzer-wandernadel.de\/da\/wp-json\/wp\/v2\/pages\/17963","targetHints":{"allow":["GET"]}}],"collection":[{"href":"https:\/\/www.harzer-wandernadel.de\/da\/wp-json\/wp\/v2\/pages"}],"about":[{"href":"https:\/\/www.harzer-wandernadel.de\/da\/wp-json\/wp\/v2\/types\/page"}],"author":[{"embeddable":true,"href":"https:\/\/www.harzer-wandernadel.de\/da\/wp-json\/wp\/v2\/users\/11"}],"replies":[{"embeddable":true,"href":"https:\/\/www.harzer-wandernadel.de\/da\/wp-json\/wp\/v2\/comments?post=17963"}],"version-history":[{"count":4,"href":"https:\/\/www.harzer-wandernadel.de\/da\/wp-json\/wp\/v2\/pages\/17963\/revisions"}],"predecessor-version":[{"id":25034,"href":"https:\/\/www.harzer-wandernadel.de\/da\/wp-json\/wp\/v2\/pages\/17963\/revisions\/25034"}],"up":[{"embeddable":true,"href":"https:\/\/www.harzer-wandernadel.de\/da\/wp-json\/wp\/v2\/pages\/17792"}],"wp:featuredmedia":[{"embeddable":true,"href":"https:\/\/www.harzer-wandernadel.de\/da\/wp-json\/wp\/v2\/media\/12463"}],"wp:attachment":[{"href":"https:\/\/www.harzer-wandernadel.de\/da\/wp-json\/wp\/v2\/media?parent=17963"}],"wp:term":[{"taxonomy":"hf_cat_page","embeddable":true,"href":"https:\/\/www.harzer-wandernadel.de\/da\/wp-json\/wp\/v2\/hf_cat_page?post=17963"}],"curies":[{"name":"wp","href":"https:\/\/api.w.org\/{rel}","templated":true}]}}