{"id":17923,"date":"2016-02-01T18:30:55","date_gmt":"2016-02-01T17:30:55","guid":{"rendered":"https:\/\/www.harzer-wandernadel.de\/stempelcentre\/oversigtskort\/stempelpunkt-1-eckertalsperre-daemningsvaeg\/"},"modified":"2026-02-28T14:42:06","modified_gmt":"2026-02-28T13:42:06","slug":"stempelpunkt-1-eckertalsperre-daemningsvaeg","status":"publish","type":"page","link":"https:\/\/www.harzer-wandernadel.de\/da\/stempelcentre\/oversigtskort\/stempelpunkt-1-eckertalsperre-daemningsvaeg\/","title":{"rendered":"Stempelpunkt 1 \/ Eckertalsperre (d\u00e6mningsv\u00e6g)"},"content":{"rendered":"\n<h2 class=\"wp-block-heading\">Eckertalsperre ligger idyllisk i&nbsp;Harzen-landskabet mellem Bad Harzburg og Brocken.<\/h2>\n\n<figure class=\"wp-block-image alignwide size-large\"><img decoding=\"async\" width=\"1024\" height=\"768\" src=\"https:\/\/www.harzer-wandernadel.de\/wp-content\/uploads\/2016\/02\/HWN-Eckertalsperre-Nehrkorn-1024x768.jpg\" alt=\"Reservoir p\u00e5 landet med omgivende skov\" class=\"wp-image-4171\" srcset=\"https:\/\/www.harzer-wandernadel.de\/wp-content\/uploads\/2016\/02\/HWN-Eckertalsperre-Nehrkorn-1024x768.jpg 1024w, https:\/\/www.harzer-wandernadel.de\/wp-content\/uploads\/2016\/02\/HWN-Eckertalsperre-Nehrkorn-300x225.jpg 300w, https:\/\/www.harzer-wandernadel.de\/wp-content\/uploads\/2016\/02\/HWN-Eckertalsperre-Nehrkorn-768x576.jpg 768w, https:\/\/www.harzer-wandernadel.de\/wp-content\/uploads\/2016\/02\/HWN-Eckertalsperre-Nehrkorn-250x188.jpg 250w, https:\/\/www.harzer-wandernadel.de\/wp-content\/uploads\/2016\/02\/HWN-Eckertalsperre-Nehrkorn-624x468.jpg 624w, https:\/\/www.harzer-wandernadel.de\/wp-content\/uploads\/2016\/02\/HWN-Eckertalsperre-Nehrkorn.jpg 2048w\" sizes=\"(max-width: 1024px) 100vw, 1024px\"><\/figure>\n\n<p>Reser\u00advoi\u00adret bru\u00adges til at leve\u00adre drik\u00adke\u00advand til byer\u00adne Brauns\u00adchweig, Wol\u00adfen\u00adb\u00fct\u00adtel og Wol\u00adfsburg. Van\u00addet ledes til h\u00f8j\u00adre\u00adser\u00advoi\u00adret Lewer\u00adberg i&nbsp;n\u00e6r\u00adhe\u00adden af Lie\u00adben\u00adburg, hvor drik\u00adke\u00advan\u00addet fra Gra\u00adne\u00adtal-d\u00e6m\u00adnin\u00adgen ogs\u00e5 kom\u00admer til. Der\u00adfra fort\u00ads\u00e6t\u00adter en r\u00f8r\u00adled\u00adning til Thie\u00adder Lin\u00adden\u00adberg og vide\u00adre til byer\u00adne Brauns\u00adchweig og Wolfsburg.&nbsp;<\/p>\n\n<p>P\u00e5 tids\u00adpunk\u00adtet for Tys\u00adklands deling gik den indre tyske gr\u00e6n\u00adse lige gen\u00adnem mid\u00adten af reser\u00advoi\u00adret og d\u00e6m\u00adnin\u00adgen, hvoraf to tred\u00adje\u00adde\u00adle kun var til\u00adg\u00e6n\u00adge\u00adli\u00adge for offent\u00adlig\u00adhe\u00adden p\u00e5 den vest\u00adli\u00adge side. Den \u00f8st\u00adli\u00adge del af d\u00e6m\u00adnings\u00adkam\u00admen var adskilt af en mur og pig\u00adt\u00adr\u00e5d. Den tid\u00adli\u00adge\u00adre gr\u00e6n\u00adsep\u00e6l er ble\u00advet beva\u00adret, og der er ble\u00advet til\u00adf\u00f8\u00adjet fle\u00adre informationstavler.&nbsp;<\/p>\n\n<h3 class=\"wp-block-heading\">Vores vandrevenner k\u00e5rede Eckertalsperre til det smukkeste frim\u00e6rkeomr\u00e5de i&nbsp;2007.<\/h3>\n\n<p>Den kor\u00adte\u00adste adgangs\u00adru\u00adte star\u00adter p\u00e5 Tater\u00adn\u00adbruch-par\u00adke\u00adrings\u00adplad\u00adsen lige bag Radau-vand\u00adfal\u00addet i&nbsp;slut\u00adnin\u00adgen af Bad Harz\u00adburg i&nbsp;ret\u00adning af Tor\u00adf\u00adhaus. Fra par\u00adke\u00adrings\u00adplad\u00adsen er der en tyde\u00adligt afm\u00e6r\u00adket van\u00addre\u00adsti, som f\u00f8rer direk\u00adte til d\u00e6mningen.&nbsp;<\/p>\n\n<p>Turen kan fint kom\u00adbi\u00adne\u00adres med andre stem\u00adpel\u00adpunk\u00adter til en rund\u00adt\u00adur, f.eks. <a href=\"https:\/\/www.harzer-wandernadel.de\/stempelstellen\/uebersichtskarte\/stempelstelle-19-skidenkmal-naehe-eckerstausee\/\" data-type=\"page\" data-id=\"540\">Ski\u00addenk\u00admal HWN 19<\/a>, <a href=\"https:\/\/www.harzer-wandernadel.de\/stempelstellen\/uebersichtskarte\/stempelstelle-169-molkenhaus\/\" data-type=\"page\" data-id=\"1218\">Mol\u00adken\u00adhaus HWN 169<\/a>, <a href=\"https:\/\/www.harzer-wandernadel.de\/stempelstellen\/uebersichtskarte\/stempelstelle-170-rabenklippe\/\" data-type=\"page\" data-id=\"1220\">Rabenklip\u00adpe HWN 170<\/a>, <a href=\"https:\/\/www.harzer-wandernadel.de\/stempelstellen\/uebersichtskarte\/stempelstelle-122-kreuz-des-deutschen-ostens\/\" data-type=\"page\" data-id=\"1118\">Kreuz des deut\u00adschen Ostens HWN 122<\/a> eller <a href=\"https:\/\/www.harzer-wandernadel.de\/stempelstellen\/uebersichtskarte\/stempelstelle-121-aussichtsreich-burgberg\/\" data-type=\"page\" data-id=\"1116\">Aus\u00adsi\u00adchts\u00adreich HWN 121<\/a>.<\/p>\n","protected":false},"excerpt":{"rendered":"<p>Eck\u00ader\u00adtals\u00adper\u00adre lig\u00adger idyl\u00adlisk i&nbsp;Harzen-land\u00adska\u00adbet mel\u00adlem Bad Harz\u00adburg og Bro\u00adck\u00aden. Reser\u00advoi\u00adret bru\u00adges til at leve\u00adre drik\u00adke\u00advand til byer\u00adne Brauns\u00adchweig, Wol\u00adfen\u00adb\u00fct\u00adtel og Wol\u00adfsburg. Van\u00addet ledes til h\u00f8j\u00adre\u00adser\u00advoi\u00adret Lewer\u00adberg i&nbsp;n\u00e6r\u00adhe\u00adden af Lie\u00adben\u00adburg, hvor drik\u00adke\u00advan\u00addet fra Gra\u00ad\u00adne\u00adtal-d\u00e6m\u00ad\u00adnin\u00ad\u00adgen ogs\u00e5 kom\u00admer til. Der\u00adfra fort\u00ads\u00e6t\u00adter en r\u00f8r\u00adled\u00adning til Thie\u00adder Lin\u00adden\u00adberg og vide\u00adre til byer\u00adne Brauns\u00adchweig og Wol\u00adfsburg.&nbsp; P\u00e5 tids\u00adpunk\u00adtet for Tys\u00adklands deling&nbsp;[\u2026]<\/p>\n","protected":false},"author":1,"featured_media":12622,"parent":17792,"menu_order":10001,"comment_status":"closed","ping_status":"closed","template":"","meta":{"_seopress_robots_primary_cat":"","_seopress_titles_title":"","_seopress_titles_desc":"Oplev Eckertalsperre-d\u00e6mningen i Harzen n\u00e6r Bad Harzburg - et idyllisk reservoir, en historisk gr\u00e6nse og et popul\u00e6rt vandreudflugtsm\u00e5l med stempelpunkter.","_seopress_robots_index":"","wp_typography_post_enhancements_disabled":false,"iawp_total_views":0,"footnotes":""},"hf_cat_page":[120],"class_list":["post-17923","page","type-page","status-publish","has-post-thumbnail"],"blocksy_meta":[],"_links":{"self":[{"href":"https:\/\/www.harzer-wandernadel.de\/da\/wp-json\/wp\/v2\/pages\/17923","targetHints":{"allow":["GET"]}}],"collection":[{"href":"https:\/\/www.harzer-wandernadel.de\/da\/wp-json\/wp\/v2\/pages"}],"about":[{"href":"https:\/\/www.harzer-wandernadel.de\/da\/wp-json\/wp\/v2\/types\/page"}],"author":[{"embeddable":true,"href":"https:\/\/www.harzer-wandernadel.de\/da\/wp-json\/wp\/v2\/users\/1"}],"replies":[{"embeddable":true,"href":"https:\/\/www.harzer-wandernadel.de\/da\/wp-json\/wp\/v2\/comments?post=17923"}],"version-history":[{"count":4,"href":"https:\/\/www.harzer-wandernadel.de\/da\/wp-json\/wp\/v2\/pages\/17923\/revisions"}],"predecessor-version":[{"id":24677,"href":"https:\/\/www.harzer-wandernadel.de\/da\/wp-json\/wp\/v2\/pages\/17923\/revisions\/24677"}],"up":[{"embeddable":true,"href":"https:\/\/www.harzer-wandernadel.de\/da\/wp-json\/wp\/v2\/pages\/17792"}],"wp:featuredmedia":[{"embeddable":true,"href":"https:\/\/www.harzer-wandernadel.de\/da\/wp-json\/wp\/v2\/media\/12622"}],"wp:attachment":[{"href":"https:\/\/www.harzer-wandernadel.de\/da\/wp-json\/wp\/v2\/media?parent=17923"}],"wp:term":[{"taxonomy":"hf_cat_page","embeddable":true,"href":"https:\/\/www.harzer-wandernadel.de\/da\/wp-json\/wp\/v2\/hf_cat_page?post=17923"}],"curies":[{"name":"wp","href":"https:\/\/api.w.org\/{rel}","templated":true}]}}