{"id":17900,"date":"2016-01-24T21:34:47","date_gmt":"2016-01-24T20:34:47","guid":{"rendered":"https:\/\/www.harzer-wandernadel.de\/vandringsnaalen\/spillets-regler\/"},"modified":"2026-01-29T12:35:03","modified_gmt":"2026-01-29T11:35:03","slug":"spillets-regler","status":"publish","type":"page","link":"https:\/\/www.harzer-wandernadel.de\/da\/vandringsnaalen\/spillets-regler\/","title":{"rendered":"Spillets regler"},"content":{"rendered":"\n<div class=\"wp-block-stackable-columns stk-block-columns stk-block stk-2ad27c8\" data-block-id=\"2ad27c8\"><style>.stk-2ad27c8 {margin-bottom:0px !important;}<\/style><div class=\"stk-row stk-inner-blocks stk-block-content stk-content-align stk-2ad27c8-column\">\n<div class=\"wp-block-stackable-column stk-block-column stk-column stk-block stk-126ae0c\" data-v=\"4\" data-block-id=\"126ae0c\"><div class=\"stk-column-wrapper stk-block-column__content stk-container stk-126ae0c-container stk--no-background stk--no-padding\"><div class=\"stk-block-content stk-inner-blocks stk-126ae0c-inner-blocks\">\n<div class=\"wp-block-stackable-notification stk-block-notification stk-block stk-229c8f5 is-style-large-icon\" data-v=\"2\" data-block-id=\"229c8f5\"><style>.stk-229c8f5 {margin-bottom:0px !important;overflow:hidden !important;}.stk-229c8f5-container{background-color:var(--theme-palette-color-2, #1b5700) !important;border-top-left-radius:6px !important;border-top-right-radius:6px !important;border-bottom-right-radius:6px !important;border-bottom-left-radius:6px !important;overflow:hidden !important;}.stk-229c8f5-container:before{background-color:var(--theme-palette-color-2, #1b5700) !important;}.stk-229c8f5 .stk-block-notification__content{padding-top:8% !important;padding-right:8% !important;padding-bottom:8% !important;padding-left:8% !important;}<\/style><div class=\"stk-block-notification__content stk-content-align stk-229c8f5-column stk-container stk-229c8f5-container stk-hover-parent\"><div class=\"stk-block-content stk-inner-blocks stk-229c8f5-inner-blocks\">\n<div class=\"wp-block-stackable-icon stk-block-icon stk-block stk-7365614\" data-block-id=\"7365614\"><style>.stk-7365614 {overflow:hidden !important;top:-72px !important;left:-72px !important;position:absolute !important;opacity:0.1 !important;}.stk-7365614 .stk--svg-wrapper .stk--inner-svg svg:last-child{height:200px !important;width:200px !important;transform:rotate(350deg) !important;}.stk-7365614 .stk--svg-wrapper .stk--inner-svg svg:last-child, .stk-7365614 .stk--svg-wrapper .stk--inner-svg svg:last-child :is(g, path, rect, polygon, ellipse){fill:#FFFFFF !important;}<\/style><span class=\"stk--svg-wrapper\"><div class=\"stk--inner-svg\"><svg style=\"height:0;width:0\"><defs><linearGradient id=\"linear-gradient-7365614\" x1=\"0\" x2=\"100%\" y1=\"0\" y2=\"0\"><stop offset=\"0%\" style=\"stop-opacity:1;stop-color:var(--linear-gradient-7365614-color-1)\" \/><stop offset=\"100%\" style=\"stop-opacity:1;stop-color:var(--linear-gradient-7365614-color-2)\" \/><\/linearGradient><\/defs><\/svg><svg viewBox=\"0 0 512 512\" aria-hidden=\"true\" width=\"32\" height=\"32\"><path d=\"M256 512A256 256 0 1 0 256 0a256 256 0 1 0 0 512zM216 336h24V272H216c-13.3 0-24-10.7-24-24s10.7-24 24-24h48c13.3 0 24 10.7 24 24v88h8c13.3 0 24 10.7 24 24s-10.7 24-24 24H216c-13.3 0-24-10.7-24-24s10.7-24 24-24zm40-208a32 32 0 1 1 0 64 32 32 0 1 1 0-64z\" \/><\/svg><\/div><\/span><\/div>\n\n\n\n<div class=\"wp-block-stackable-icon-list stk-block-icon-list stk-block stk-55b6d18\" data-block-id=\"55b6d18\"><style>.stk-55b6d18 {--stk-icon-list-row-gap:11px !important;--stk-icon-list-marker-color:var(--theme-palette-color-7, #ffffff) !important;}.stk-55b6d18 .stk-block-icon-list-item__content{align-items:baseline !important;}<\/style><svg style=\"display:none\"><defs><g id=\"stk-icon-list__icon-svg-def-55b6d18\"><svg viewBox=\"0 0 512 512\"><path d=\"M256 512A256 256 0 1 0 256 0a256 256 0 1 0 0 512zM216 336h24V272H216c-13.3 0-24-10.7-24-24s10.7-24 24-24h48c13.3 0 24 10.7 24 24v88h8c13.3 0 24 10.7 24 24s-10.7 24-24 24H216c-13.3 0-24-10.7-24-24s10.7-24 24-24zm40-208a32 32 0 1 1 0 64 32 32 0 1 1 0-64z\" \/><\/svg><\/g><\/defs><\/svg><ul class=\"stk-block-icon-list__ul stk-block-icon-list--column\">\n<li class=\"wp-block-stackable-icon-list-item stk-block-icon-list-item stk-block stk-7eb6087\" data-block-id=\"7eb6087\"><div class=\"stk-block-icon-list-item__content\"><span class=\"stk--svg-wrapper\"><div class=\"stk--inner-svg\"><svg aria-hidden=\"true\" width=\"32\" height=\"32\"><use xlink:href=\"#stk-icon-list__icon-svg-def-55b6d18\" xmlns:xlink=\"http:\/\/www.w3.org\/1999\/xlink\" \/><\/svg><\/div><\/span><span class=\"stk-block-icon-list-item__text\">Van\u00addre\u00adkor\u00adtet udste\u00addes i&nbsp;dit navn og kan ikke overdrages.&nbsp;<\/span><\/div><\/li>\n\n\n\n<li class=\"wp-block-stackable-icon-list-item stk-block-icon-list-item stk-block stk-68dd497\" data-block-id=\"68dd497\"><div class=\"stk-block-icon-list-item__content\"><span class=\"stk--svg-wrapper\"><div class=\"stk--inner-svg\"><svg aria-hidden=\"true\" width=\"32\" height=\"32\"><use xlink:href=\"#stk-icon-list__icon-svg-def-55b6d18\" xmlns:xlink=\"http:\/\/www.w3.org\/1999\/xlink\" \/><\/svg><\/div><\/span><span class=\"stk-block-icon-list-item__text\">Du sam\u00adler stemp\u00adler\u00adne til van\u00addre\u00adm\u00e6r\u00adker\u00adne p\u00e5 de for\u00adskel\u00adli\u00adge pr\u00e6\u00adsta\u00adtions\u00adni\u00adveau\u00ader i&nbsp;dit pas.&nbsp;<\/span><\/div><\/li>\n\n\n\n<li class=\"wp-block-stackable-icon-list-item stk-block-icon-list-item stk-block stk-8f96f9f\" data-block-id=\"8f96f9f\"><div class=\"stk-block-icon-list-item__content\"><span class=\"stk--svg-wrapper\"><div class=\"stk--inner-svg\"><svg aria-hidden=\"true\" width=\"32\" height=\"32\"><use xlink:href=\"#stk-icon-list__icon-svg-def-55b6d18\" xmlns:xlink=\"http:\/\/www.w3.org\/1999\/xlink\" \/><\/svg><\/div><\/span><span class=\"stk-block-icon-list-item__text\">Erhver\u00advel\u00adse af van\u00addre\u00adm\u00e6r\u00adker er ikke tids\u00adbe\u00adgr\u00e6n\u00adset, s\u00e5 ind\u00adsam\u00adling af fri\u00adm\u00e6r\u00adker kan ogs\u00e5 str\u00e6k\u00adke sig over fle\u00adre \u00e5r \u2013 afh\u00e6n\u00adgigt af dine per\u00adson\u00adli\u00adge muligheder.<\/span><\/div><\/li>\n<\/ul><\/div>\n<\/div><\/div><\/div>\n\n\n\n<h2 class=\"wp-block-heading\">Saml p\u00e5 frim\u00e6rker<\/h2>\n\n\n\n<p>Du fin\u00adder stem\u00adpel\u00adpunk\u00adter\u00adne p\u00e5 222 inter\u00ades\u00adsan\u00adte ste\u00adder i&nbsp;Harzen. De er pla\u00adce\u00adret ved sko\u00adv\u00adre\u00adstau\u00adran\u00adter, bjerg\u00adhyt\u00adter og inter\u00ades\u00adsan\u00adte udsigts\u00adpunk\u00adter, ved geo\u00adlo\u00adgi\u00adske ken\u00adde\u00adtegn og histo\u00adri\u00adske ste\u00adder. Fri\u00adm\u00e6r\u00adker\u00adne lig\u00adger i&nbsp;vej\u00adr\u00adbe\u00adstan\u00addi\u00adge m\u00f8r\u00adke\u00adgr\u00f8n\u00adne fri\u00adm\u00e6r\u00adke\u00ad\u00e6\u00adsker, som du hur\u00adtigt vil gen\u00adken\u00adde p\u00e5 deres typi\u00adske udseende.&nbsp;<\/p>\n\n\n\n<figure class=\"wp-block-image alignwide size-large wp-image-3026 size-full\"><img decoding=\"async\" width=\"1024\" height=\"683\" src=\"https:\/\/www.harzer-wandernadel.de\/wp-content\/uploads\/2025\/10\/nr-5-1024x683.jpg\" alt=\"Person stempler papir i gr\u00f8n stempelkasse\" class=\"wp-image-16090\" srcset=\"https:\/\/www.harzer-wandernadel.de\/wp-content\/uploads\/2025\/10\/nr-5-1024x683.jpg 1024w, https:\/\/www.harzer-wandernadel.de\/wp-content\/uploads\/2025\/10\/nr-5-300x200.jpg 300w, https:\/\/www.harzer-wandernadel.de\/wp-content\/uploads\/2025\/10\/nr-5-768x512.jpg 768w, https:\/\/www.harzer-wandernadel.de\/wp-content\/uploads\/2025\/10\/nr-5-1536x1024.jpg 1536w, https:\/\/www.harzer-wandernadel.de\/wp-content\/uploads\/2025\/10\/nr-5-2048x1365.jpg 2048w\" sizes=\"(max-width: 1024px) 100vw, 1024px\"><figcaption class=\"wp-element-caption\">Bil\u00adle\u00adde: AchtPfotenPhotography<\/figcaption><\/figure>\n\n\n\n<p>Du kan fin\u00adde stem\u00adpel\u00adpunk\u00adter\u00adne i&nbsp;pas\u00adset og p\u00e5 vores offi\u00adci\u00adel\u00adle van\u00addre\u00adkort over Harzer Wandernadel.<\/p>\n\n\n\n<p>M\u00e5let er at sam\u00adle stemp\u00adler fra for\u00adskel\u00adli\u00adge stem\u00adplings\u00adcen\u00adtre. Hvert stem\u00adpel\u00adpunkt eller det til\u00adsva\u00adren\u00adde stem\u00adpelaf\u00adtryk t\u00e6l\u00adler der\u00adfor kun \u00e9n gang og t\u00e6l\u00adler kun \u00e9n gang for hvert pr\u00e6\u00adsta\u00adtions\u00adm\u00e6r\u00adke. De stemp\u00adler, der alle\u00adre\u00adde er ind\u00adsam\u00adlet, t\u00e6l\u00adler dog med til det n\u00e6ste h\u00f8je\u00adre&nbsp;badge.&nbsp;<\/p>\n\n\n\n<p>Hvis et stem\u00adpel p\u00e5 trods af den bed\u00adste ved\u00adli\u00adge\u00adhol\u00addel\u00adse ikke er til\u00adg\u00e6n\u00adge\u00adligt, eller hvis det ikke er muligt at stemp\u00adle p\u00e5 grund af vej\u00adr\u00adfor\u00adhol\u00adde\u00adne, er det til\u00adstr\u00e6k\u00adke\u00adligt, hvis du note\u00adrer stem\u00adpelkas\u00adsens iden\u00adti\u00adfi\u00adka\u00adtions\u00adnum\u00admer (p\u00e5 inder\u00adsi\u00adden af for\u00adklap\u00adpen) og pla\u00adce\u00adrin\u00adgen i&nbsp;et stem\u00adpel\u00adfelt. Det\u00adte vil ogs\u00e5 bli\u00adve aner\u00adkendt som&nbsp;bevis.&nbsp;<\/p>\n\n\n\n<figure class=\"wp-block-image alignwide size-large wp-image-1914 size-full\"><img decoding=\"async\" width=\"1024\" height=\"760\" src=\"https:\/\/www.harzer-wandernadel.de\/wp-content\/uploads\/2025\/10\/4-april-hoher-kleef-anjau2-1024x760.jpg\" alt=\"Kapel p\u00e5 et bjerg ved solnedgang\" class=\"wp-image-16095\" srcset=\"https:\/\/www.harzer-wandernadel.de\/wp-content\/uploads\/2025\/10\/4-april-hoher-kleef-anjau2-1024x760.jpg 1024w, https:\/\/www.harzer-wandernadel.de\/wp-content\/uploads\/2025\/10\/4-april-hoher-kleef-anjau2-300x223.jpg 300w, https:\/\/www.harzer-wandernadel.de\/wp-content\/uploads\/2025\/10\/4-april-hoher-kleef-anjau2-768x570.jpg 768w, https:\/\/www.harzer-wandernadel.de\/wp-content\/uploads\/2025\/10\/4-april-hoher-kleef-anjau2-1536x1140.jpg 1536w, https:\/\/www.harzer-wandernadel.de\/wp-content\/uploads\/2025\/10\/4-april-hoher-kleef-anjau2-2048x1520.jpg 2048w\" sizes=\"(max-width: 1024px) 100vw, 1024px\"><figcaption class=\"wp-element-caption\">HWN 88 Hoher Kle\u00adef \u2013 Anja Ulrich<\/figcaption><\/figure>\n\n\n\n<div class=\"wp-block-stackable-notification stk-block-notification stk-block stk-2ac3a1c is-style-large-icon\" data-v=\"2\" data-block-id=\"2ac3a1c\"><style>.stk-2ac3a1c {margin-bottom:0px !important;overflow:hidden !important;}.stk-2ac3a1c-container{background-color:var(--theme-palette-color-1, #277d00) !important;border-top-left-radius:6px !important;border-top-right-radius:6px !important;border-bottom-right-radius:6px !important;border-bottom-left-radius:6px !important;overflow:hidden !important;}.stk-2ac3a1c-container:before{background-color:var(--theme-palette-color-1, #277d00) !important;}.stk-2ac3a1c .stk-block-notification__content{padding-top:8% !important;padding-right:8% !important;padding-bottom:8% !important;padding-left:8% !important;}<\/style><div class=\"stk-block-notification__content stk-content-align stk-2ac3a1c-column stk-container stk-2ac3a1c-container stk-hover-parent\"><div class=\"stk-block-content stk-inner-blocks stk-2ac3a1c-inner-blocks\">\n<div class=\"wp-block-stackable-icon stk-block-icon stk-block stk-ff026fa\" data-block-id=\"ff026fa\"><style>.stk-ff026fa {overflow:hidden !important;top:-72px !important;left:-72px !important;position:absolute !important;opacity:0.2 !important;}.stk-ff026fa .stk--svg-wrapper .stk--inner-svg svg:last-child{height:200px !important;width:200px !important;transform:rotate(350deg) !important;}.stk-ff026fa .stk--svg-wrapper .stk--inner-svg svg:last-child, .stk-ff026fa .stk--svg-wrapper .stk--inner-svg svg:last-child :is(g, path, rect, polygon, ellipse){fill:#FFFFFF !important;}<\/style><span class=\"stk--svg-wrapper\"><div class=\"stk--inner-svg\"><svg style=\"height:0;width:0\"><defs><linearGradient id=\"linear-gradient-ff026fa\" x1=\"0\" x2=\"100%\" y1=\"0\" y2=\"0\"><stop offset=\"0%\" style=\"stop-opacity:1;stop-color:var(--linear-gradient-ff-026-fa-color-1)\" \/><stop offset=\"100%\" style=\"stop-opacity:1;stop-color:var(--linear-gradient-ff-026-fa-color-2)\" \/><\/linearGradient><\/defs><\/svg><svg viewBox=\"0 0 512 512\" aria-hidden=\"true\" width=\"32\" height=\"32\"><path d=\"M256 512A256 256 0 1 0 256 0a256 256 0 1 0 0 512zM216 336h24V272H216c-13.3 0-24-10.7-24-24s10.7-24 24-24h48c13.3 0 24 10.7 24 24v88h8c13.3 0 24 10.7 24 24s-10.7 24-24 24H216c-13.3 0-24-10.7-24-24s10.7-24 24-24zm40-208a32 32 0 1 1 0 64 32 32 0 1 1 0-64z\" \/><\/svg><\/div><\/span><\/div>\n\n\n\n<div class=\"wp-block-stackable-heading stk-block-heading stk-block-heading--v2 stk-block stk-aa4d53c\" id=\"span-style-color-var-theme-palette-color-7-ffffff-class-stk-highlight-tipp-span\" data-block-id=\"aa4d53c\"><h3 class=\"stk-block-heading__text\"><span style=\"color: var(--theme-palette-color-7, #ffffff);\" class=\"stk-highlight\">Tip<\/span><\/h3><\/div>\n\n\n\n<div class=\"wp-block-stackable-text stk-block-text stk-block stk-fab2cd6\" data-block-id=\"fab2cd6\"><style>.stk-fab2cd6 .stk-block-text__text{color:var(--theme-palette-color-7, #ffffff) !important;}<\/style><p class=\"stk-block-text__text has-text-color\">I s\u00e5dan\u00adne til\u00adf\u00e6l\u00adde vil vores blan\u00adke n\u00f8dstem\u00adpel sta\u00addig g\u00f8re sig godt i&nbsp;dit pas. Du kan fin\u00adde dit unik\u00adke h\u00e5nd\u00adla\u00adve\u00adde stem\u00adpel i&nbsp;vores <a href=\"https:\/\/www.harzer-wandernadel.de\/shop\/\" data-type=\"page\" data-id=\"95\"><span style=\"color: var(--theme-palette-color-7, #ffffff);\" class=\"stk-highlight\">onli\u00adne butik<\/span><\/a>. <\/p><\/div>\n<\/div><\/div><\/div>\n\n\n\n<h2 class=\"wp-block-heading\">S\u00e6t vandrestiften fast<\/h2>\n\n\n\n<p>Du kan f\u00e5 bekr\u00e6f\u00adtet opn\u00e5\u00adel\u00adsen af et pr\u00e6\u00adsta\u00adtions\u00adni\u00adveau ved at erhver\u00adve den til\u00adsva\u00adren\u00adde van\u00addren\u00e5l.<br>Da ruter\u00adne mel\u00adlem de enkel\u00adte stem\u00adpel\u00adpunk\u00adter er for\u00adskel\u00adli\u00adge i&nbsp;l\u00e6ng\u00adde og sv\u00e6r\u00adheds\u00adgrad, er \u201eHarzer Wan\u00adder\u00adna\u00addel\u201c ikke kun et til\u00adbud til ambi\u00adti\u00f8\u00adse van\u00addre\u00adre, men ogs\u00e5 til fami\u00adli\u00ader eller \u00e6ldre borgere.<\/p>\n\n\n\n<p>Is\u00e6r b\u00f8rn bli\u00adver hur\u00adtigt begej\u00adstre\u00adde for fri\u00adm\u00e6r\u00adkej\u00adag\u00adten og nyder at tage med deres for\u00ad\u00e6l\u00addre eller bedste\u00adfor\u00ad\u00e6l\u00addre p\u00e5 fri\u00adm\u00e6r\u00adke\u00adtur. Uan\u00adset om det er en udfor\u00addren\u00adde bjerg\u00adtur eller en afslap\u00adpet tur i&nbsp;sko\u00adven, s\u00e5 har Harzens van\u00addren\u00e5l noget for enhver smag og enhver alder. Vi har udvik\u00adlet pri\u00adsen<a href=\"https:\/\/www.harzer-wandernadel.de\/da\/majestaeter\/rejsende-prinser-og-prinsesser\/\" data-type=\"page\" data-id=\"79\">\u201eVan\u00addre\u00adprins og \u2011prin\u00adses\u00adse<\/a>\u201c, som man f\u00e5r for at sam\u00adle 11 frim\u00e6rker.&nbsp;<\/p>\n\n\n\n<figure class=\"wp-block-image size-large\"><img alt decoding=\"async\" width=\"1024\" height=\"683\" src=\"https:\/\/www.harzer-wandernadel.de\/wp-content\/uploads\/2025\/10\/nr-31-1024x683.jpg\" class=\"wp-image-16106\" srcset=\"https:\/\/www.harzer-wandernadel.de\/wp-content\/uploads\/2025\/10\/nr-31-1024x683.jpg 1024w, https:\/\/www.harzer-wandernadel.de\/wp-content\/uploads\/2025\/10\/nr-31-300x200.jpg 300w, https:\/\/www.harzer-wandernadel.de\/wp-content\/uploads\/2025\/10\/nr-31-768x512.jpg 768w, https:\/\/www.harzer-wandernadel.de\/wp-content\/uploads\/2025\/10\/nr-31-1536x1024.jpg 1536w, https:\/\/www.harzer-wandernadel.de\/wp-content\/uploads\/2025\/10\/nr-31-2048x1365.jpg 2048w\" sizes=\"(max-width: 1024px) 100vw, 1024px\"><figcaption class=\"wp-element-caption\">Bad\u00adge \u2013 Wan\u00adder\u00adprinz &amp;&nbsp;Wan\u00adder\u00adprin\u00adzes\u00adsin \u2013 Bil\u00adle\u00adde: AchtPfotenPhotography<\/figcaption><\/figure>\n<\/div><\/div><\/div>\n<\/div><\/div>\n","protected":false},"excerpt":{"rendered":"<p>Saml p\u00e5 fri\u00adm\u00e6r\u00adker Du fin\u00adder stem\u00adpel\u00adpunk\u00adter\u00adne p\u00e5 222 inter\u00ades\u00adsan\u00adte ste\u00adder i&nbsp;Harzen. De er pla\u00adce\u00adret ved sko\u00adv\u00adre\u00adstau\u00adran\u00adter, bjerg\u00adhyt\u00adter og inter\u00ades\u00adsan\u00adte udsigts\u00adpunk\u00adter, ved geo\u00adlo\u00adgi\u00adske ken\u00adde\u00adtegn og histo\u00adri\u00adske ste\u00adder. Fri\u00adm\u00e6r\u00adker\u00adne lig\u00adger i&nbsp;vej\u00adr\u00adbe\u00adstan\u00addi\u00adge m\u00f8r\u00adke\u00adgr\u00f8n\u00adne fri\u00adm\u00e6r\u00adke\u00ad\u00e6\u00adsker, som du hur\u00adtigt vil gen\u00adken\u00adde p\u00e5 deres typi\u00adske udse\u00aden\u00adde.&nbsp; Du kan fin\u00adde stem\u00adpel\u00adpunk\u00adter\u00adne i&nbsp;pas\u00adset og p\u00e5 vores offi\u00adci\u00adel\u00adle van\u00addre\u00adkort over Harzer Wan\u00adder\u00adna\u00addel. M\u00e5let&nbsp;er&nbsp;[\u2026]<\/p>\n","protected":false},"author":1,"featured_media":13747,"parent":17824,"menu_order":1000,"comment_status":"closed","ping_status":"closed","template":"","meta":{"_seopress_robots_primary_cat":"","_seopress_titles_title":"Harzer Wandernadel - Frim\u00e6rkesamling i Harzen","_seopress_titles_desc":"Saml frim\u00e6rker i Harzen, og g\u00f8r dig fortjent til Harzens vandren\u00e5l - et eventyr for familier, b\u00f8rn og ambiti\u00f8se vandrere.","_seopress_robots_index":"","wp_typography_post_enhancements_disabled":false,"iawp_total_views":6,"footnotes":""},"hf_cat_page":[],"class_list":["post-17900","page","type-page","status-publish","has-post-thumbnail"],"blocksy_meta":{"page_structure_type":"type-3","styles_descriptor":{"styles":{"desktop":"","tablet":"","mobile":""},"google_fonts":[],"version":6}},"_links":{"self":[{"href":"https:\/\/www.harzer-wandernadel.de\/da\/wp-json\/wp\/v2\/pages\/17900","targetHints":{"allow":["GET"]}}],"collection":[{"href":"https:\/\/www.harzer-wandernadel.de\/da\/wp-json\/wp\/v2\/pages"}],"about":[{"href":"https:\/\/www.harzer-wandernadel.de\/da\/wp-json\/wp\/v2\/types\/page"}],"author":[{"embeddable":true,"href":"https:\/\/www.harzer-wandernadel.de\/da\/wp-json\/wp\/v2\/users\/1"}],"replies":[{"embeddable":true,"href":"https:\/\/www.harzer-wandernadel.de\/da\/wp-json\/wp\/v2\/comments?post=17900"}],"version-history":[{"count":3,"href":"https:\/\/www.harzer-wandernadel.de\/da\/wp-json\/wp\/v2\/pages\/17900\/revisions"}],"predecessor-version":[{"id":17903,"href":"https:\/\/www.harzer-wandernadel.de\/da\/wp-json\/wp\/v2\/pages\/17900\/revisions\/17903"}],"up":[{"embeddable":true,"href":"https:\/\/www.harzer-wandernadel.de\/da\/wp-json\/wp\/v2\/pages\/17824"}],"wp:featuredmedia":[{"embeddable":true,"href":"https:\/\/www.harzer-wandernadel.de\/da\/wp-json\/wp\/v2\/media\/13747"}],"wp:attachment":[{"href":"https:\/\/www.harzer-wandernadel.de\/da\/wp-json\/wp\/v2\/media?parent=17900"}],"wp:term":[{"taxonomy":"hf_cat_page","embeddable":true,"href":"https:\/\/www.harzer-wandernadel.de\/da\/wp-json\/wp\/v2\/hf_cat_page?post=17900"}],"curies":[{"name":"wp","href":"https:\/\/api.w.org\/{rel}","templated":true}]}}