{"id":17890,"date":"2016-01-25T00:35:36","date_gmt":"2016-01-24T23:35:36","guid":{"rendered":"https:\/\/www.harzer-wandernadel.de\/majestaeter\/rejsende-prinser-og-prinsesser\/"},"modified":"2016-01-25T00:35:36","modified_gmt":"2016-01-24T23:35:36","slug":"rejsende-prinser-og-prinsesser","status":"publish","type":"page","link":"https:\/\/www.harzer-wandernadel.de\/da\/majestaeter\/rejsende-prinser-og-prinsesser\/","title":{"rendered":"Rejsende prinser og prinsesser"},"content":{"rendered":"<p><img decoding=\"async\" class=\"alignnone wp-image-304 size-full\" src=\"https:\/\/www.harzer-wandernadel.de\/wp-content\/uploads\/2016\/01\/Stempelfieber.jpg\" alt=\"Frim\u00e6rkefeber\" width=\"640\" height=\"183\" srcset=\"https:\/\/www.harzer-wandernadel.de\/wp-content\/uploads\/2016\/01\/Stempelfieber.jpg 640w, https:\/\/www.harzer-wandernadel.de\/wp-content\/uploads\/2016\/01\/Stempelfieber-300x86.jpg 300w, https:\/\/www.harzer-wandernadel.de\/wp-content\/uploads\/2016\/01\/Stempelfieber-624x178.jpg 624w\" sizes=\"(max-width: 640px) 100vw, 640px\"><\/p>\n<p>Wan\u00adder\u00adprin\u00adzes\u00adsinn eller Wan\u00adder\u00adprinz er en pris for b\u00f8rn op til 11 \u00e5r. Der kr\u00e6\u00adves mindst 11 stemp\u00adler for at opn\u00e5 titlen.&nbsp;<\/p>\n<p>\u00c5rgan\u00adge <a href=\"https:\/\/www.harzer-wandernadel.de\/auszeichnungen\/wanderprinzen\/\"><span style=\"color: #0066cc;\">2022<\/span><\/a> | <a href=\"https:\/\/www.harzer-wandernadel.de\/stempelstellen\/\"><span style=\"color: #0066cc;\">2021<\/span><\/a> | <a href=\"https:\/\/www.harzer-wandernadel.de\/auszeichnungen\/wanderprinzen\/3\/\"><span style=\"color: #0066cc;\">2020<\/span><\/a> | <a href=\"https:\/\/www.harzer-wandernadel.de\/auszeichnungen\/wanderprinzen\/4\/\"><span style=\"color: #0066cc;\">2019<\/span><\/a> | <a href=\"https:\/\/www.harzer-wandernadel.de\/auszeichnungen\/wanderprinzen\/5\/\"><span style=\"color: #0066cc;\">2018<\/span><\/a> | <a href=\"https:\/\/www.harzer-wandernadel.de\/auszeichnungen\/wanderprinzen\/6\/\"><span style=\"color: #0066cc;\">2017<\/span><\/a> | <a href=\"https:\/\/www.harzer-wandernadel.de\/auszeichnungen\/wanderprinzen\/7\/\"><span style=\"color: #0066cc;\">2016<\/span><\/a> |    <a href=\"https:\/\/www.harzer-wandernadel.de\/auszeichnungen\/wanderprinzen\/8\/\"><span style=\"color: #0066cc;\">2015<\/span><\/a> | <a href=\"https:\/\/www.harzer-wandernadel.de\/auszeichnungen\/wanderprinzen\/9\/\"><span style=\"color: #0066cc;\">2014<\/span><\/a> | <a href=\"https:\/\/www.harzer-wandernadel.de\/auszeichnungen\/wanderprinzen\/9\/\"><span style=\"color: #0066cc;\">2013<\/span><\/a> | <a href=\"https:\/\/www.harzer-wandernadel.de\/auszeichnungen\/wanderprinzen\/10\/\"><span style=\"color: #0066cc;\">2012<\/span><\/a> |   <\/p>\n<p>&nbsp;<\/p>\n<p>[prin\u00adzen\u00adli\u00adste jahrgang=\u201e2022\u201c]<\/p>\n<p><!--nextpage--><\/p>\n<p><a href=\"https:\/\/www.harzer-wandernadel.de\/auszeichnungen\/wanderprinzen\/\"><span style=\"color: #0066cc;\">Til\u00adba\u00adge til den nuv\u00e6\u00adren\u00adde \u00e5rgang<\/span><\/a><\/p>\n<p>[prin\u00adzen\u00adli\u00adste jahrgang=\u201e2021\u201c]<\/p>\n<p><!--nextpage--><\/p>\n<p><a href=\"https:\/\/www.harzer-wandernadel.de\/auszeichnungen\/wanderprinzen\/\"><span style=\"color: #0066cc;\">Til\u00adba\u00adge til den nuv\u00e6\u00adren\u00adde \u00e5rgang<\/span><\/a><\/p>\n<p>[prin\u00adzen\u00adli\u00adste jahrgang=\u201e2020\u201c]<\/p>\n<p><!--nextpage--><\/p>\n<p><a href=\"https:\/\/www.harzer-wandernadel.de\/auszeichnungen\/wanderprinzen\/\"><span style=\"color: #0066cc;\">Til\u00adba\u00adge til den nuv\u00e6\u00adren\u00adde \u00e5rgang<\/span><\/a><\/p>\n<p>[prin\u00adzen\u00adli\u00adste jahrgang=\u201e2019\u201c]<\/p>\n<p><!--nextpage--><\/p>\n<p><a href=\"https:\/\/www.harzer-wandernadel.de\/auszeichnungen\/wanderprinzen\/\"><span style=\"color: #0066cc;\">Til\u00adba\u00adge til den nuv\u00e6\u00adren\u00adde \u00e5rgang<\/span><\/a><\/p>\n<p>[prin\u00adzen\u00adli\u00adste jahrgang=\u201e2018\u201c]<\/p>\n<p><!--nextpage--><\/p>\n<p><a href=\"https:\/\/www.harzer-wandernadel.de\/auszeichnungen\/wanderprinzen\/\"><span style=\"color: #0066cc;\">Til\u00adba\u00adge til den nuv\u00e6\u00adren\u00adde \u00e5rgang<\/span><\/a><\/p>\n<p>[prin\u00adzen\u00adli\u00adste jahrgang=\u201e2017\u201c]<\/p>\n<p><!--nextpage--><\/p>\n<p><a href=\"https:\/\/www.harzer-wandernadel.de\/auszeichnungen\/wanderprinzen\/\"><span style=\"color: #0066cc;\">Til\u00adba\u00adge til den nuv\u00e6\u00adren\u00adde \u00e5rgang<\/span><\/a><\/p>\n<p>[prin\u00adzen\u00adli\u00adste jahrgang=\u201e2016\u201c]<\/p>\n<p><!--nextpage--><\/p>\n<p><a href=\"https:\/\/www.harzer-wandernadel.de\/auszeichnungen\/wanderprinzen\/\"><span style=\"color: #0066cc;\">Til\u00adba\u00adge til den nuv\u00e6\u00adren\u00adde \u00e5rgang<\/span><\/a><\/p>\n<p>[prin\u00adzen\u00adli\u00adste jahrgang=\u201e2015\u201c]<\/p>\n<p><!--nextpage--><\/p>\n<p><a href=\"https:\/\/www.harzer-wandernadel.de\/auszeichnungen\/wanderprinzen\/\"><span style=\"color: #0066cc;\">Til\u00adba\u00adge til den nuv\u00e6\u00adren\u00adde \u00e5rgang<\/span><\/a><\/p>\n<p>[prin\u00adzen\u00adli\u00adste jahrgang=\u201e2014\u201c]<\/p>\n<p><!--nextpage--><\/p>\n<p><a href=\"https:\/\/www.harzer-wandernadel.de\/auszeichnungen\/wanderprinzen\/\"><span style=\"color: #0066cc;\">Til\u00adba\u00adge til den nuv\u00e6\u00adren\u00adde \u00e5rgang<\/span><\/a><\/p>\n<p>[prin\u00adzen\u00adli\u00adste jahrgang=\u201e2013\u201c]<\/p>\n<p><!--nextpage--><\/p>\n<p><a href=\"https:\/\/www.harzer-wandernadel.de\/auszeichnungen\/wanderprinzen\/\"><span style=\"color: #0066cc;\">Til\u00adba\u00adge til den nuv\u00e6\u00adren\u00adde \u00e5rgang<\/span><\/a><\/p>\n<p>[prin\u00adzen\u00adli\u00adste jahrgang=\u201e2012\u201c]<\/p>\n","protected":false},"excerpt":{"rendered":"<p>Wan\u00adder\u00adprin\u00adzes\u00adsinn eller Wan\u00adder\u00adprinz er en pris for b\u00f8rn op til 11 \u00e5r. Der kr\u00e6\u00adves mindst 11 stemp\u00adler for at opn\u00e5 tit\u00adlen.&nbsp; \u00c5rgan\u00adge 2022 | 2021 | 2020 | 2019 | 2018 | 2017 | 2016 | 2015 | 2014 | 2013 | 2012 | &nbsp; [prin\u00adzen\u00adli\u00adste jahrgang=\u201e2022\u201c]<\/p>\n","protected":false},"author":1,"featured_media":13747,"parent":17879,"menu_order":4200,"comment_status":"closed","ping_status":"closed","template":"","meta":{"_seopress_robots_primary_cat":"","_seopress_titles_title":"","_seopress_titles_desc":"","_seopress_robots_index":"","wp_typography_post_enhancements_disabled":false,"iawp_total_views":2,"footnotes":""},"hf_cat_page":[],"class_list":["post-17890","page","type-page","status-publish","has-post-thumbnail"],"blocksy_meta":[],"_links":{"self":[{"href":"https:\/\/www.harzer-wandernadel.de\/da\/wp-json\/wp\/v2\/pages\/17890","targetHints":{"allow":["GET"]}}],"collection":[{"href":"https:\/\/www.harzer-wandernadel.de\/da\/wp-json\/wp\/v2\/pages"}],"about":[{"href":"https:\/\/www.harzer-wandernadel.de\/da\/wp-json\/wp\/v2\/types\/page"}],"author":[{"embeddable":true,"href":"https:\/\/www.harzer-wandernadel.de\/da\/wp-json\/wp\/v2\/users\/1"}],"replies":[{"embeddable":true,"href":"https:\/\/www.harzer-wandernadel.de\/da\/wp-json\/wp\/v2\/comments?post=17890"}],"version-history":[{"count":0,"href":"https:\/\/www.harzer-wandernadel.de\/da\/wp-json\/wp\/v2\/pages\/17890\/revisions"}],"up":[{"embeddable":true,"href":"https:\/\/www.harzer-wandernadel.de\/da\/wp-json\/wp\/v2\/pages\/17879"}],"wp:featuredmedia":[{"embeddable":true,"href":"https:\/\/www.harzer-wandernadel.de\/da\/wp-json\/wp\/v2\/media\/13747"}],"wp:attachment":[{"href":"https:\/\/www.harzer-wandernadel.de\/da\/wp-json\/wp\/v2\/media?parent=17890"}],"wp:term":[{"taxonomy":"hf_cat_page","embeddable":true,"href":"https:\/\/www.harzer-wandernadel.de\/da\/wp-json\/wp\/v2\/hf_cat_page?post=17890"}],"curies":[{"name":"wp","href":"https:\/\/api.w.org\/{rel}","templated":true}]}}