{"id":17879,"date":"2016-01-25T00:29:10","date_gmt":"2016-01-24T23:29:10","guid":{"rendered":"https:\/\/www.harzer-wandernadel.de\/majestaeter\/"},"modified":"2026-01-29T12:34:54","modified_gmt":"2026-01-29T11:34:54","slug":"majestaeter","status":"publish","type":"page","link":"https:\/\/www.harzer-wandernadel.de\/da\/majestaeter\/","title":{"rendered":"Majest\u00e6ter"},"content":{"rendered":"\n<div class=\"wp-block-stackable-columns stk-block-columns stk-block stk-c01f3b9 stackable-container-unten\" data-block-id=\"c01f3b9\"><style>.stk-c01f3b9 {margin-bottom:0px !important;}<\/style><div class=\"stk-row stk-inner-blocks stk-block-content stk-content-align stk-c01f3b9-column\">\n<div class=\"wp-block-stackable-column stk-block-column stk-column stk-block stk-a21ce85\" data-v=\"4\" data-block-id=\"a21ce85\"><style>.stk-a21ce85-inner-blocks{justify-content:space-between !important;}<\/style><div class=\"stk-column-wrapper stk-block-column__content stk-container stk-a21ce85-container stk--no-background stk--no-padding\"><div class=\"stk--column-flex stk-block-content stk-inner-blocks stk-a21ce85-inner-blocks\">\n<h2 class=\"wp-block-heading\">Majest\u00e6terne i&nbsp;Harzer Wandernadel<\/h2>\n\n\n\n<p>De f\u00f8l\u00adgen\u00adde per\u00adso\u00adner repr\u00e6\u00adsen\u00adte\u00adrer top\u00adpen af akti\u00advi\u00adte\u00adter\u00adne inden for ram\u00admer\u00adne af Harzens vandren\u00e5l.<\/p>\n\n\n\n<p><strong>Wan\u00adder\u00adkai\u00adser-sta\u00adtus<\/strong> er den h\u00f8je\u00adste udm\u00e6r\u00adkel\u00adse for de ind\u00adsam\u00adle\u00adde stemp\u00adler. De van\u00addre\u00adre, der er n\u00e6vnt her, har opn\u00e5\u00adet den\u00adne sta\u00adtus <strong>mindst ti gan\u00adge<\/strong>. <br>P\u00e5 grund af den\u00adne ene\u00adst\u00e5\u00aden\u00adde og lang\u00adva\u00adri\u00adge pr\u00e6\u00adsta\u00adtion omta\u00adles de som <strong>\u201emajest\u00e6ter<\/strong> \u201c og h\u00e6dres s\u00e6r\u00adskilt&nbsp;her.&nbsp;<\/p>\n<\/div><\/div><\/div>\n\n\n\n<div class=\"wp-block-stackable-column stk-block-column stk-column stk-block stk-9a5b770\" data-v=\"4\" data-block-id=\"9a5b770\"><div class=\"stk-column-wrapper stk-block-column__content stk-container stk-9a5b770-container stk--no-background stk--no-padding\"><div class=\"stk-block-content stk-inner-blocks stk-9a5b770-inner-blocks\">\n<div class=\"wp-block-stackable-image stk-block-image stk-block stk-fad5a2b bild-gedreht-hintergrund\" data-block-id=\"fad5a2b\"><style>.stk-fad5a2b {margin-bottom:12px !important;transform:rotate(2deg) !important;}.stk-fad5a2b .stk-img-wrapper img{border-radius:6px !important;}<\/style><figure><span class=\"stk-img-wrapper stk-image--shape-stretch\"><img decoding=\"async\" class=\"stk-img wp-image-11297\" src=\"https:\/\/www.harzer-wandernadel.de\/wp-content\/uploads\/2025\/08\/harzer-wandernadel-eroeffnung-2024-10-1-scaled.jpg\" width=\"2560\" height=\"1706\" alt=\"Rygs\u00e6k med farverige Harzen-vandern\u00e5lsbadges\" srcset=\"https:\/\/www.harzer-wandernadel.de\/wp-content\/uploads\/2025\/08\/harzer-wandernadel-eroeffnung-2024-10-1-scaled.jpg 2560w, https:\/\/www.harzer-wandernadel.de\/wp-content\/uploads\/2025\/08\/harzer-wandernadel-eroeffnung-2024-10-1-300x200.jpg 300w, https:\/\/www.harzer-wandernadel.de\/wp-content\/uploads\/2025\/08\/harzer-wandernadel-eroeffnung-2024-10-1-1024x683.jpg 1024w, https:\/\/www.harzer-wandernadel.de\/wp-content\/uploads\/2025\/08\/harzer-wandernadel-eroeffnung-2024-10-1-768x512.jpg 768w, https:\/\/www.harzer-wandernadel.de\/wp-content\/uploads\/2025\/08\/harzer-wandernadel-eroeffnung-2024-10-1-1536x1024.jpg 1536w, https:\/\/www.harzer-wandernadel.de\/wp-content\/uploads\/2025\/08\/harzer-wandernadel-eroeffnung-2024-10-1-2048x1365.jpg 2048w, https:\/\/www.harzer-wandernadel.de\/wp-content\/uploads\/2025\/08\/harzer-wandernadel-eroeffnung-2024-10-1-250x167.jpg 250w\" sizes=\"(max-width: 2560px) 100vw, 2560px\"><\/span><\/figure><\/div>\n<\/div><\/div><\/div>\n<\/div><\/div>\n\n<div class=\"wp-block-stackable-columns stk-block-columns stk-block stk-2eb2e1d\" id=\"aktive-kaiser\" data-block-id=\"2eb2e1d\"><style>.stk-2eb2e1d {padding-right:3% !important;padding-left:3% !important;}.stk-2eb2e1d-column{max-width:800px !important;min-width:auto !important;}@media screen and (max-width:999px){.stk-2eb2e1d {padding-right:0% !important;padding-left:0% !important;}}<\/style><div class=\"stk-row stk-inner-blocks stk-block-content stk-content-align stk-2eb2e1d-column\">\n<div class=\"wp-block-stackable-column stk-block-column stk-column stk-block stk-5f6ef63\" data-v=\"4\" data-block-id=\"5f6ef63\"><style>.stk-5f6ef63 {border-top-left-radius:6px !important;border-top-right-radius:6px !important;border-bottom-right-radius:6px !important;border-bottom-left-radius:6px !important;overflow:auto !important;}.stk-5f6ef63-container{max-width:800px !important;min-width:auto !important;}<\/style><div class=\"stk-column-wrapper stk-block-column__content stk-container stk-5f6ef63-container stk--no-background stk--no-padding\"><div class=\"stk-block-content stk-inner-blocks stk-5f6ef63-inner-blocks\"><figure class=\"wp-block-table\">\n\t     \t\t<table class=\"wanderliste wp-block-table\">\n\t\t\t\t\t<thead>\n\t\t\t\t\t\t<tr>\n\t\t\t\t\t\t\t<th scope=\"col\"><strong>Kai\u00adser\u00adti\u00adtel<\/strong><\/th>\n\t\t\t\t\t\t\t<th scope=\"col\"><strong>Name<\/strong><\/th>\n\t\t\t\t\t\t\t<th scope=\"col\"><strong>Adelsti\u00adtel<\/strong><\/th>\n\t\t\t\t\t\t\t<th scope=\"col\"><strong>Resi\u00addenz<\/strong><\/th>\n\t\t\t\t\t\t<\/tr> \n\t\t\t\t\t<\/thead><tbody>\n\t\t\t\t\t<tr><td>73 <\/td><td> Dr. Uwe Bartsch<\/td><td>Uwe VIII.<\/td><td>Hett\u00adstedt<\/td><\/tr><tr><td>70 <\/td><td> Curt Hellmuth<\/td><td>Curt I.<\/td><td>Blan\u00adken\u00adburg<\/td><\/tr><tr><td>57 <\/td><td> J\u00fcr\u00adgen Th\u00e4sler<\/td><td>J\u00fcr\u00adgen&nbsp;XVII.<\/td><td>Len\u00adge\u00adde<\/td><\/tr><tr><td>44 <\/td><td> Hel\u00admut Engelmann<\/td><td>Hel\u00admut&nbsp;III.<\/td><td>Dah\u00adlenwars\u00adle\u00adben<\/td><\/tr><tr><td>37 <\/td><td> Ulrich Schramke<\/td><td>Ulrich II.<\/td><td>Her\u00adz\u00adberg<\/td><\/tr><tr><td>35 <\/td><td> Hei\u00adke&nbsp;Busch<\/td><td>Hei\u00adke&nbsp;I.<\/td><td>Wan\u00adzle\u00adben<\/td><\/tr><tr><td>35 <\/td><td> Stef\u00adfen&nbsp;Busch<\/td><td>Stef\u00adfen&nbsp;III.<\/td><td>Wan\u00adzle\u00adben<\/td><\/tr><tr><td>30 <\/td><td> Bet\u00adti\u00adna Schramke<\/td><td>Bet\u00adti\u00adna&nbsp;I.<\/td><td>Her\u00adz\u00adberg<\/td><\/tr><tr><td>30 <\/td><td> Hans-Joa\u00adchim&nbsp;Meyer<\/td><td>Hans-Joa\u00adchim&nbsp;II.<\/td><td>Elbin\u00adgero\u00adde<\/td><\/tr><tr><td>29 <\/td><td> Nor\u00adbert&nbsp;B\u00f6sel<\/td><td>Nor\u00adbert&nbsp;VI.<\/td><td>Qued\u00adlin\u00adburg<\/td><\/tr><tr><td>29 <\/td><td> Uta Noffke<\/td><td>Uta I.<\/td><td>Mag\u00adde\u00adburg<\/td><\/tr><tr><td>28 <\/td><td> Dierk Indorf<\/td><td>Dierk II.<\/td><td>Ein\u00adbeck<\/td><\/tr><tr><td>25 <\/td><td> Bernd Tetzel<\/td><td>Bernd XIV.<\/td><td>Qued\u00adlin\u00adburg<\/td><\/tr><tr><td>23 <\/td><td> Det\u00adlef Noffke<\/td><td>Det\u00adlef&nbsp;V.<\/td><td>Mag\u00adde\u00adburg<\/td><\/tr><tr><td>22 <\/td><td> Annet\u00adte Brinkmann<\/td><td>Annet\u00adte&nbsp;II.<\/td><td>Alfeld<\/td><\/tr><tr><td>21 <\/td><td> Alwin Hiller<\/td><td>Alwin I.<\/td><td>Aden\u00adstedt<\/td><\/tr><tr><td>21 <\/td><td> Dor\u00ado\u00adt\u00adhea Bellstedt<\/td><td>Dor\u00ado\u00adt\u00adhea&nbsp;I.<\/td><td>San\u00adger\u00adhau\u00adsen<\/td><\/tr><tr><td>21 <\/td><td> Mar\u00adkus B\u00f6kelmann<\/td><td>Mar\u00adkus&nbsp;V.<\/td><td>Wol\u00adfsburg<\/td><\/tr><tr><td>21 <\/td><td> Uwe Bellstedt<\/td><td>Uwe III.<\/td><td>San\u00adger\u00adhau\u00adsen<\/td><\/tr><tr><td>20 <\/td><td> Ale\u00adxan\u00adder Wischrob<\/td><td>Ale\u00adxan\u00adder&nbsp;II.<\/td><td>Plau\u00aden<\/td><\/tr><tr><td>20 <\/td><td> Andrea Reising<\/td><td>Andrea IV.<\/td><td>Blan\u00adken\u00adburg<\/td><\/tr><tr><td>20 <\/td><td> Astrid Brinkmann<\/td><td>Astrid I.<\/td><td>Len\u00adge\u00adde<\/td><\/tr><tr><td>20 <\/td><td> Peter Kruppki<\/td><td>Peter XIII.<\/td><td>Salzhem\u00admen\u00addorf<\/td><\/tr><tr><td>19 <\/td><td> Andreas Wilhelm<\/td><td>Andreas vS\u00fclzhayn I.<\/td><td>Ell\u00adrich<\/td><\/tr><tr><td>19 <\/td><td> Andreas Berndt<\/td><td>Andreas XVI.<\/td><td>Rhe\u00adi\u00adne<\/td><\/tr><tr><td>19 <\/td><td> Andreas Langer<\/td><td>Len\u00adnox&nbsp;I.<\/td><td>Marl<\/td><\/tr><tr><td>19 <\/td><td> Lutz Dahlke<\/td><td>Lutz XI.<\/td><td>Wol\u00adfsburg<\/td><\/tr><tr><td>19 <\/td><td> Man\u00adfred&nbsp;Glitz<\/td><td>Man\u00adfred&nbsp;V.<\/td><td>Nort\u00adheim<\/td><\/tr><tr><td>18 <\/td><td> Edgar Feldberg<\/td><td>Edgar I.<\/td><td>Her\u00adz\u00adberg<\/td><\/tr><tr><td>18 <\/td><td> Uwe Josupeit<\/td><td>Erich-Otto I.<\/td><td>Qued\u00adlin\u00adburg<\/td><\/tr><tr><td>18 <\/td><td> Hei\u00adko Ruschau<\/td><td>Hei\u00adko&nbsp;VII.<\/td><td>Mag\u00adde\u00adburg<\/td><\/tr><tr><td>18 <\/td><td> Horst Eichelroth<\/td><td>Horst I.<\/td><td>Ben\u00adzin\u00adgero\u00adde<\/td><\/tr><tr><td>18 <\/td><td> Uwe Burgmann<\/td><td>Uwe X.<\/td><td>Pei\u00adne<\/td><\/tr><tr><td>17 <\/td><td> Jochen Seifert-Kalwa<\/td><td>Jochen VII.<\/td><td>Alte\u00adnau<\/td><\/tr><tr><td>17 <\/td><td> Ronald Kovac<\/td><td>Ronald I.<\/td><td>Braun\u00adla\u00adge<\/td><\/tr><tr><td>17 <\/td><td> Susi Burgmann<\/td><td>Susi I.<\/td><td>Pei\u00adne<\/td><\/tr><tr><td>16 <\/td><td> Andr\u00e9 Eichhardt<\/td><td>Andr\u00e9 I.<\/td><td>Wer\u00adni\u00adgero\u00adde<\/td><\/tr><tr><td>16 <\/td><td> Anne\u00adma\u00adrie Strohschneider<\/td><td>Anne\u00adma\u00adrie&nbsp;I.<\/td><td>Brauns\u00adchweig<\/td><\/tr><tr><td>16 <\/td><td> Chris\u00adta Sch\u00f6ne<\/td><td>Chris\u00adta&nbsp;IV.<\/td><td>Zerbst\/Anhalt<\/td><\/tr><tr><td>16 <\/td><td> Edith Winkler<\/td><td>Edith III.<\/td><td>Len\u00adge\u00adde<\/td><\/tr><tr><td>16 <\/td><td> C.Hans Wal\u00adter Hellmuth<\/td><td>Hans im Gl\u00fcck&nbsp;I.<\/td><td>Blan\u00adken\u00adburg<\/td><\/tr><tr><td>16 <\/td><td> Heinz Winkler<\/td><td>Heinz XIII.<\/td><td>Len\u00adge\u00adde<\/td><\/tr><tr><td>16 <\/td><td> Karl-Heinz Loges<\/td><td>Karl-Heinz II.<\/td><td>Gronau\/Leine<\/td><\/tr><tr><td>16 <\/td><td> Ker\u00adstin Lanuschny<\/td><td>Ker\u00adstin&nbsp;VI.<\/td><td>Son\u00adders\u00adhau\u00adsen<\/td><\/tr><tr><td>16 <\/td><td> Uwe Schmalfu\u00df<\/td><td>Uwe IX.<\/td><td>Goslar<\/td><\/tr><tr><td>15 <\/td><td> Andreas Lanuschny<\/td><td>Andreas XIII.<\/td><td>Son\u00adders\u00adhau\u00adsen<\/td><\/tr><tr><td>15 <\/td><td> Arno Joppich<\/td><td>Arno I.<\/td><td>Zor\u00adge<\/td><\/tr><tr><td>15 <\/td><td> Diet\u00admar&nbsp;Wille<\/td><td>Diet\u00admar&nbsp;II.<\/td><td>Mor\u00adin\u00adgen<\/td><\/tr><tr><td>15 <\/td><td> Ellen&nbsp;Linke<\/td><td>Ellen II.<\/td><td>Harztor<\/td><\/tr><tr><td>15 <\/td><td> Eva Sus\u00adann Meins\u00adhau\u00adsen&nbsp;Wille<\/td><td>Eva Sus\u00adann&nbsp;I.<\/td><td>Mor\u00adin\u00adgen<\/td><\/tr><tr><td>15 <\/td><td> Peter Michael<\/td><td>Peter IV.<\/td><td>Goslar<\/td><\/tr><tr><td>15 <\/td><td> Win\u00adfri\u00aded&nbsp;Rasp<\/td><td>Win\u00adfri\u00aded&nbsp;I.<\/td><td>Wen\u00adde\u00adburg<\/td><\/tr><tr><td>14 <\/td><td> Brit\u00adta Fischer<\/td><td>Brit\u00adta von Sie\u00adber&nbsp;I.<\/td><td>Ell\u00adrich<\/td><\/tr><tr><td>14 <\/td><td> Caro&nbsp;Nell<\/td><td>Caro I.<\/td><td>Ilsen\u00adburg<\/td><\/tr><tr><td>14 <\/td><td> Ger\u00adtraud&nbsp;Latus<\/td><td>Ger\u00adtraud&nbsp;I.<\/td><td>Zor\u00adge<\/td><\/tr><tr><td>14 <\/td><td> Ron\u00adny Lindner<\/td><td>Ron\u00adny&nbsp;V.<\/td><td>Salz\u00adgit\u00adter<\/td><\/tr><tr><td>14 <\/td><td> Tobi\u00adas Naumann<\/td><td>Tobi\u00adas&nbsp;XI.<\/td><td>Ascher\u00ads\u00adle\u00adben<\/td><\/tr><tr><td>13 <\/td><td> Burk\u00adhard B\u00f6kelmann<\/td><td>Burk\u00adhard&nbsp;I.<\/td><td>Fal\u00adler\u00ads\u00adle\u00adben<\/td><\/tr><tr><td>13 <\/td><td> Car\u00adsten&nbsp;Pilz<\/td><td>Car\u00adsten&nbsp;V.<\/td><td>Wien\u00adro\u00adde<\/td><\/tr><tr><td>13 <\/td><td> Dr. Tho\u00admas Naujoks<\/td><td>Dok\u00adtor Tho\u00admas&nbsp;I.<\/td><td>Salz\u00adgit\u00adter<\/td><\/tr><tr><td>13 <\/td><td> Edith Bormann<\/td><td>Edith I.<\/td><td>Hal\u00adber\u00adstadt<\/td><\/tr><tr><td>13 <\/td><td> G\u00fcnt\u00adher&nbsp;Gnad<\/td><td>Gon\u00addrow&nbsp;I.<\/td><td>Wol\u00adfen\u00adb\u00fct\u00adtel<\/td><\/tr><tr><td>13 <\/td><td> Hart\u00admut Kirchner<\/td><td>Hart\u00admut-Petrus I.<\/td><td>Her\u00adgis\u00addorf<\/td><\/tr><tr><td>13 <\/td><td> Heinz Hoffmann<\/td><td>Heinz XII.<\/td><td>Grim\u00adma<\/td><\/tr><tr><td>13 <\/td><td> Manu\u00adela Lindemann<\/td><td>Manu\u00adela&nbsp;III.<\/td><td>Wien\u00adro\u00adde<\/td><\/tr><tr><td>13 <\/td><td> Peter Bormann<\/td><td>Peter V.<\/td><td>Hal\u00adber\u00adstadt<\/td><\/tr><tr><td>13 <\/td><td> Thor\u00adsten&nbsp;Meier<\/td><td>Thor\u00adsten&nbsp;V.<\/td><td>Ein\u00adbeck<\/td><\/tr><tr><td>12 <\/td><td> Andr\u00e9 Kutzsche<\/td><td>Andr\u00e9 IV.<\/td><td>Oste\u00adro\u00adde<\/td><\/tr><tr><td>12 <\/td><td> Andreas Hapke<\/td><td>Andreas VII.<\/td><td>Salz\u00adgit\u00adter<\/td><\/tr><tr><td>12 <\/td><td> Ange\u00adli\u00adka&nbsp;Knoop<\/td><td>Ange\u00adli\u00adka&nbsp;VII.<\/td><td>Vie\u00adnen\u00adburg<\/td><\/tr><tr><td>12 <\/td><td> Anja Kutzsche<\/td><td>Anja IV.<\/td><td>Oste\u00adro\u00adde<\/td><\/tr><tr><td>12 <\/td><td> Edgar H\u00fcbenthal<\/td><td>Edgar v. Tru\u00addenste\u00adin&nbsp;I.<\/td><td>Bils\u00adhau\u00adsen<\/td><\/tr><tr><td>12 <\/td><td> Eva-Maria Kelle<\/td><td>Eva-Maria I.<\/td><td>Nord\u00adhau\u00adsen<\/td><\/tr><tr><td>12 <\/td><td> Franz&nbsp;Knoop<\/td><td>Franz III.<\/td><td>Vie\u00adnen\u00adburg<\/td><\/tr><tr><td>12 <\/td><td> Gun\u00adter Stanislaus<\/td><td>Gun\u00adter&nbsp;I.<\/td><td>Wie\u00adren<\/td><\/tr><tr><td>12 <\/td><td> J\u00fcr\u00adgen&nbsp;Finke<\/td><td>J\u00fcr\u00adgen&nbsp;IV.<\/td><td>Blan\u00adken\u00adburg<\/td><\/tr><tr><td>12 <\/td><td> Klaus Schulze<\/td><td>Klaus XXIX.<\/td><td>Nort\u00adheim<\/td><\/tr><tr><td>12 <\/td><td> Mario&nbsp;Lucas<\/td><td>Mario V.<\/td><td>Hal\u00adber\u00adstadt<\/td><\/tr><tr><td>12 <\/td><td> Moni\u00adka Sastalla<\/td><td>Moni\u00adka&nbsp;II.<\/td><td>Tan\u00adne<\/td><\/tr><tr><td>12 <\/td><td> Sil\u00advia H\u00fcbenthal<\/td><td>Sil\u00advia v. Tru\u00addenste\u00adin&nbsp;I.<\/td><td>Bils\u00adhau\u00adsen<\/td><\/tr><tr><td>12 <\/td><td> Syl\u00advia&nbsp;Donth<\/td><td>Syl\u00advie&nbsp;I.<\/td><td>Holzen<\/td><\/tr><tr><td>11 <\/td><td> Edgar Schmidtke<\/td><td>Edgar III.<\/td><td>Blan\u00adken\u00adburg<\/td><\/tr><tr><td>11 <\/td><td> Ger\u00adhard Stallmann<\/td><td>Ger\u00adhard&nbsp;II.<\/td><td>Verl<\/td><\/tr><tr><td>11 <\/td><td> G\u00fcnt\u00adher&nbsp;Heine<\/td><td>G\u00fcnt\u00adher&nbsp;IV.<\/td><td>Hat\u00adtorf<\/td><\/tr><tr><td>11 <\/td><td> Hel\u00admuth Meissner<\/td><td>Hel\u00admuth&nbsp;I.<\/td><td>Brauns\u00adchweig<\/td><\/tr><tr><td>11 <\/td><td> Hol\u00adger Steffmann<\/td><td>Hol\u00adger&nbsp;V.<\/td><td>Cel\u00adle<\/td><\/tr><tr><td>11 <\/td><td> Jola Schmidtke<\/td><td>Jola I.<\/td><td>Blan\u00adken\u00adburg<\/td><\/tr><tr><td>11 <\/td><td> Kon\u00adrad&nbsp;Rasch<\/td><td>Kon\u00adrad&nbsp;III.<\/td><td>Seelze<\/td><\/tr><tr><td>11 <\/td><td> Kylie Wersinger<\/td><td>Kylie Isa\u00adbel&nbsp;I.<\/td><td>Kehm\u00adstedt<\/td><\/tr><tr><td>11 <\/td><td> Ludwig Fiedler<\/td><td>Ludwig I.<\/td><td>Hal\u00adber\u00adstadt<\/td><\/tr><tr><td>11 <\/td><td> Dr. Man\u00adfred Steinfatt<\/td><td>Man\u00adfred&nbsp;VII.<\/td><td>Claust\u00adhal-Zel\u00adler\u00adfeld<\/td><\/tr><tr><td>11 <\/td><td> Undi\u00adne Broschik<\/td><td>Undi\u00adne&nbsp;I.<\/td><td>Wer\u00adni\u00adgero\u00adde<\/td><\/tr><tr><td>10 <\/td><td> Ernst Peter Schaerff<\/td><td>Ernst Peter&nbsp;I.<\/td><td>Hal\u00adle<\/td><\/tr><tr><td>10 <\/td><td> Frank Fischer<\/td><td>Frank I.<\/td><td>G\u00fcsten<\/td><\/tr><tr><td>10 <\/td><td> Kai R\u00f6hrdanz<\/td><td>Grim\u00adbart&nbsp;I.<\/td><td>Mag\u00adde\u00adburg<\/td><\/tr><tr><td>10 <\/td><td> Har\u00adry Hausmann<\/td><td>Har\u00adry&nbsp;III.<\/td><td>Dann\u00adhau\u00adsen<\/td><\/tr><tr><td>10 <\/td><td> Andreas H\u00f6lzchen<\/td><td>Ilsen\u00adburg&nbsp;I.<\/td><td>Uslar<\/td><\/tr><tr><td>10 <\/td><td> J\u00f6rg Liehmann<\/td><td>J\u00f6rg XVI.<\/td><td>Her\u00adz\u00adberg<\/td><\/tr><tr><td>10 <\/td><td> Micha\u00adel&nbsp;L\u00fctje<\/td><td>Micha\u00adel&nbsp;II.<\/td><td>Wer\u00adni\u00adgero\u00adde<\/td><\/tr><tr><td>10 <\/td><td> Rai\u00adner&nbsp;Koch<\/td><td>Rai\u00adner Oli\u00adver&nbsp;I.<\/td><td>Nort\u00adheim<\/td><\/tr><tr><td>10 <\/td><td> Rita Hoffmann<\/td><td>Rita III.<\/td><td>Grim\u00adma<\/td><\/tr><tr><td>10 <\/td><td> Ste\u00adfan Weishaupt<\/td><td>Ste\u00adfan&nbsp;XII.<\/td><td>L\u00f6der\u00adburg<\/td><\/tr><tr><td>10 <\/td><td> Vere\u00adna Huthmann<\/td><td>Vere\u00adna&nbsp;III.<\/td><td>Isern\u00adha\u00adgen<\/td><\/tr>\n\n\t\t      <\/tbody>\n\t    \t   <\/table>\n\t\t\t<\/figure>\n<\/div><\/div><\/div>\n<\/div><\/div>\n","protected":false},"excerpt":{"rendered":"<p>Majest\u00e6ter\u00adne i&nbsp;Harzer Wan\u00adder\u00adna\u00addel De f\u00f8l\u00adgen\u00adde per\u00adso\u00adner repr\u00e6\u00adsen\u00adte\u00adrer top\u00adpen af akti\u00advi\u00adte\u00adter\u00adne inden for ram\u00admer\u00adne af Harzens van\u00addren\u00e5l. Wan\u00ad\u00adder\u00adkai\u00ad\u00adser-sta\u00adtus er den h\u00f8je\u00adste udm\u00e6r\u00adkel\u00adse for de ind\u00adsam\u00adle\u00adde stemp\u00adler. De van\u00addre\u00adre, der er n\u00e6vnt her, har opn\u00e5\u00adet den\u00adne sta\u00adtus mindst ti gan\u00adge. P\u00e5 grund af den\u00adne ene\u00adst\u00e5\u00aden\u00adde og lang\u00adva\u00adri\u00adge pr\u00e6\u00adsta\u00adtion omta\u00adles de som \u201emajest\u00e6ter \u201c og h\u00e6dres s\u00e6r\u00adskilt&nbsp;her.&nbsp;<\/p>\n","protected":false},"author":1,"featured_media":13747,"parent":0,"menu_order":4000,"comment_status":"closed","ping_status":"closed","template":"","meta":{"_seopress_robots_primary_cat":"","_seopress_titles_title":"Majest\u00e6terne i Harzens vandren\u00e5l","_seopress_titles_desc":"Majest\u00e6terne i Harzer Wandernadel - vandrekejsere, der har besteget utallige tinder med ekstraordin\u00e6r udholdenhed og lidenskab.","_seopress_robots_index":"","wp_typography_post_enhancements_disabled":false,"iawp_total_views":8,"footnotes":""},"hf_cat_page":[],"class_list":["post-17879","page","type-page","status-publish","has-post-thumbnail"],"blocksy_meta":{"page_structure_type":"type-4","styles_descriptor":{"styles":{"desktop":"","tablet":"","mobile":""},"google_fonts":[],"version":6}},"_links":{"self":[{"href":"https:\/\/www.harzer-wandernadel.de\/da\/wp-json\/wp\/v2\/pages\/17879","targetHints":{"allow":["GET"]}}],"collection":[{"href":"https:\/\/www.harzer-wandernadel.de\/da\/wp-json\/wp\/v2\/pages"}],"about":[{"href":"https:\/\/www.harzer-wandernadel.de\/da\/wp-json\/wp\/v2\/types\/page"}],"author":[{"embeddable":true,"href":"https:\/\/www.harzer-wandernadel.de\/da\/wp-json\/wp\/v2\/users\/1"}],"replies":[{"embeddable":true,"href":"https:\/\/www.harzer-wandernadel.de\/da\/wp-json\/wp\/v2\/comments?post=17879"}],"version-history":[{"count":3,"href":"https:\/\/www.harzer-wandernadel.de\/da\/wp-json\/wp\/v2\/pages\/17879\/revisions"}],"predecessor-version":[{"id":17885,"href":"https:\/\/www.harzer-wandernadel.de\/da\/wp-json\/wp\/v2\/pages\/17879\/revisions\/17885"}],"wp:featuredmedia":[{"embeddable":true,"href":"https:\/\/www.harzer-wandernadel.de\/da\/wp-json\/wp\/v2\/media\/13747"}],"wp:attachment":[{"href":"https:\/\/www.harzer-wandernadel.de\/da\/wp-json\/wp\/v2\/media?parent=17879"}],"wp:term":[{"taxonomy":"hf_cat_page","embeddable":true,"href":"https:\/\/www.harzer-wandernadel.de\/da\/wp-json\/wp\/v2\/hf_cat_page?post=17879"}],"curies":[{"name":"wp","href":"https:\/\/api.w.org\/{rel}","templated":true}]}}