{"id":17824,"date":"2016-01-24T21:59:04","date_gmt":"2016-01-24T20:59:04","guid":{"rendered":"https:\/\/www.harzer-wandernadel.de\/vandringsnaalen\/"},"modified":"2026-01-29T12:34:42","modified_gmt":"2026-01-29T11:34:42","slug":"vandringsnaalen","status":"publish","type":"page","link":"https:\/\/www.harzer-wandernadel.de\/da\/vandringsnaalen\/","title":{"rendered":"Vandringsn\u00e5len"},"content":{"rendered":"\n<h2 class=\"wp-block-heading\">Kan du lide at vandre eller cykle, og vil du gerne nyde naturen og bjergene p\u00e5 din&nbsp;ferie?<\/h2>\n\n<p><strong>S\u00e5 g\u00e5 p\u00e5 opda\u00adgel\u00adse i&nbsp;Harzen \u2013 Tys\u00adklands nord\u00adlig\u00adste lave bjerg\u00adk\u00e6\u00adde \u2013 og bliv Harzens van\u00addre\u00adkon\u00adge eller end\u00adda vandrekejser.&nbsp;<\/strong><\/p>\n\n<p>Oplev afslap\u00adning i&nbsp;ube\u00adkym\u00adret natur, og g\u00f8r dig fortjent til din per\u00adson\u00adli\u00adge \u201eHarzen-van\u00adder\u00adn\u00e5l\u201c.<\/p>\n\n<figure class=\"wp-block-image alignwide size-large alignnone wp-image-2352\"><img decoding=\"async\" width=\"1024\" height=\"684\" src=\"https:\/\/www.harzer-wandernadel.de\/wp-content\/uploads\/2025\/10\/9-september-sonnenaufgang-an-der-wolfswarte-stefanie-asper-1024x684.jpg\" alt=\"Stenede klipper ved solopgang\" class=\"wp-image-16113\" srcset=\"https:\/\/www.harzer-wandernadel.de\/wp-content\/uploads\/2025\/10\/9-september-sonnenaufgang-an-der-wolfswarte-stefanie-asper-1024x684.jpg 1024w, https:\/\/www.harzer-wandernadel.de\/wp-content\/uploads\/2025\/10\/9-september-sonnenaufgang-an-der-wolfswarte-stefanie-asper-300x200.jpg 300w, https:\/\/www.harzer-wandernadel.de\/wp-content\/uploads\/2025\/10\/9-september-sonnenaufgang-an-der-wolfswarte-stefanie-asper-768x513.jpg 768w, https:\/\/www.harzer-wandernadel.de\/wp-content\/uploads\/2025\/10\/9-september-sonnenaufgang-an-der-wolfswarte-stefanie-asper-1536x1025.jpg 1536w, https:\/\/www.harzer-wandernadel.de\/wp-content\/uploads\/2025\/10\/9-september-sonnenaufgang-an-der-wolfswarte-stefanie-asper-2048x1367.jpg 2048w\" sizes=\"(max-width: 1024px) 100vw, 1024px\"><figcaption class=\"wp-element-caption\">HWN 135 Wolswar\u00adte \u2013 Ste\u00adfa\u00adnie&nbsp;Asper<\/figcaption><\/figure>\n\n<h2 class=\"wp-block-heading\">Harzen er perfekt til en ferie for natur- og vandreentusiaster.&nbsp;<\/h2>\n\n<p>N\u00e6p\u00adpe nogen anden region kan pra\u00adle af s\u00e5 man\u00adge inter\u00ades\u00adsan\u00adte land\u00adska\u00adber og kul\u00adtur\u00adfor\u00admer. Harzen str\u00e6k\u00adker sig over de tre del\u00adsta\u00adter Nie\u00adder\u00adsa\u00adch\u00adsen, Sach\u00adsen-Anhalt og Th\u00fcrin\u00adgen. Fri\u00adm\u00e6r\u00adke\u00adh\u00e6f\u00adtet Harzer Wan\u00adder\u00adna\u00addel, vores tre\u00addel\u00adte kort\u00ads\u00e6t og infor\u00adma\u00adtio\u00adner\u00adne p\u00e5 vores hjem\u00admesi\u00adde gui\u00adder dig for\u00adsig\u00adtigt til de smuk\u00adke\u00adste og mest sp\u00e6n\u00adden\u00adde ste\u00adder i&nbsp;hele Harzen.&nbsp;<\/p>\n\n<p>Ture\u00adne til de enkel\u00adte stem\u00adpel\u00adpunk\u00adter vari\u00ade\u00adrer i&nbsp;l\u00e6ng\u00adde, sv\u00e6r\u00adheds\u00adgrad og h\u00f8j\u00adde, s\u00e5 b\u00f8r\u00adne\u00adfa\u00admi\u00adli\u00ader s\u00e5vel som seni\u00ado\u00adrer og ambi\u00adti\u00f8\u00adse van\u00addre\u00adre snart kan s\u00e6t\u00adte en Harzen-van\u00adder\u00adn\u00e5l p\u00e5 sig&nbsp;selv.<\/p>\n\n<figure class=\"wp-block-image alignwide size-large alignnone wp-image-3024 size-full\"><img decoding=\"async\" width=\"1024\" height=\"683\" src=\"https:\/\/www.harzer-wandernadel.de\/wp-content\/uploads\/2025\/08\/bronze-silber-gold-1024x683.jpg\" alt=\"Tre vandren\u00e5le fra Harzen p\u00e5 en tr\u00e6overflade\" class=\"wp-image-14666\" srcset=\"https:\/\/www.harzer-wandernadel.de\/wp-content\/uploads\/2025\/08\/bronze-silber-gold-1024x683.jpg 1024w, https:\/\/www.harzer-wandernadel.de\/wp-content\/uploads\/2025\/08\/bronze-silber-gold-300x200.jpg 300w, https:\/\/www.harzer-wandernadel.de\/wp-content\/uploads\/2025\/08\/bronze-silber-gold-768x512.jpg 768w, https:\/\/www.harzer-wandernadel.de\/wp-content\/uploads\/2025\/08\/bronze-silber-gold-1536x1024.jpg 1536w, https:\/\/www.harzer-wandernadel.de\/wp-content\/uploads\/2025\/08\/bronze-silber-gold-2048x1365.jpg 2048w, https:\/\/www.harzer-wandernadel.de\/wp-content\/uploads\/2025\/08\/bronze-silber-gold-250x167.jpg 250w\" sizes=\"(max-width: 1024px) 100vw, 1024px\"><figcaption class=\"wp-element-caption\">De f\u00f8r\u00adste bronze\u2011, s\u00f8lv- og guldsuc\u00adce\u00adser \u2013 Bil\u00adle\u00adde: AchtPfotenPhotography<\/figcaption><\/figure>\n\n<p>En s\u00e6r\u00adlig popu\u00adl\u00e6r pris for sto\u00adre og sm\u00e5 er <a href=\"https:\/\/www.harzer-wandernadel.de\/die-wandernadel\/leistungsabzeichen\/#wanderprinz\" data-type=\"page\" data-id=\"3672\">van\u00addre\u00adprin\u00adses\u00adsen og<\/a> <a href=\"https:\/\/www.harzer-wandernadel.de\/die-wandernadel\/leistungsabzeichen\/#wanderprinz\">van\u00addre\u00adprin\u00adsen<\/a>. Du kan f\u00e5 et bad\u00adge og et cer\u00adti\u00adfi\u00adkat med blot 11 stemp\u00adler i&nbsp;dit vandrepas.&nbsp;<\/p>\n\n<p>Stem\u00adpel\u00adpunk\u00adter\u00adne i \u201eHarzer Wan\u00adder\u00adna\u00addel\u201c er til\u00adg\u00e6n\u00adge\u00adli\u00adge for dig p\u00e5 i&nbsp;alt 222 inter\u00ades\u00adsan\u00adte ste\u00adder i&nbsp;Harzen. De lig\u00adger i&nbsp;n\u00e6r\u00adhe\u00adden af roman\u00adti\u00adske sko\u00adv\u00adkro\u00ader, rustik\u00adke bjerg\u00adhyt\u00adter og en r\u00e6k\u00adke inter\u00ades\u00adsan\u00adte udsigts\u00adpunk\u00adter. Miner, bor\u00adgru\u00adi\u00adner eller natur\u00admonu\u00admen\u00adter og selv\u00adf\u00f8l\u00adge\u00adlig den majest\u00e6ti\u00adske Bro\u00adck\u00aden ven\u00adter ogs\u00e5 p\u00e5 dit bes\u00f8g og har et stem\u00adpel klar til&nbsp;dig.&nbsp;<\/p>\n\n<p>Med Harz Hiking Need\u00adle kan du van\u00addre i&nbsp;hele Harzen og ople\u00adve hele omr\u00e5\u00addet. Du vil l\u00e6re kend\u00adte turi\u00adstat\u00adtrak\u00adtio\u00adner som Bro\u00adck\u00aden, Ros\u00adstrap\u00adpe i&nbsp;Tha\u00adle eller UNESCO\u2019s ver\u00addens\u00adarv Ram\u00admels\u00adberg i&nbsp;Goslar at ken\u00adde, s\u00e5vel som min\u00addre kend\u00adte, men ikke min\u00addre v\u00e6r\u00addi\u00adful\u00adde destinationer.&nbsp;<\/p>\n\n<figure class=\"wp-block-image alignwide alignnone wp-image-1569 size-large\"><img alt decoding=\"async\" src=\"https:\/\/www.harzer-wandernadel.de\/wp-content\/uploads\/2016\/02\/Harzk\u00f6hlerei-1024x684.jpg\" class=\"wp-image-1569\"><figcaption class=\"wp-element-caption\">Harzk\u00f6h\u00adle\u00adrei Stem\u00adberg\u00adhaus HWN&nbsp;60<\/figcaption><\/figure>\n","protected":false},"excerpt":{"rendered":"<p>Kan du lide at van\u00addre eller cyk\u00adle, og vil du ger\u00adne nyde natu\u00adren og bjer\u00adge\u00adne p\u00e5 din&nbsp;ferie? S\u00e5 g\u00e5 p\u00e5 opda\u00adgel\u00adse i&nbsp;Harzen \u2013 Tys\u00adklands nord\u00adlig\u00adste lave bjerg\u00adk\u00e6\u00adde \u2013 og bliv Harzens van\u00addre\u00adkon\u00adge eller end\u00adda van\u00addre\u00adkej\u00adser.&nbsp; Oplev afslap\u00adning i&nbsp;ube\u00adkym\u00adret natur, og g\u00f8r dig fortjent til din per\u00adson\u00adli\u00adge \u201eHarzen-van\u00ad\u00adder\u00adn\u00e5l\u201c. Harzen er per\u00adfekt til en ferie for&nbsp;natur-&nbsp;[\u2026]<\/p>\n","protected":false},"author":1,"featured_media":13747,"parent":0,"menu_order":1000,"comment_status":"closed","ping_status":"closed","template":"","meta":{"_seopress_robots_primary_cat":"","_seopress_titles_title":"Harzer Wandernadel - Oplev en vandreferie i Harzen","_seopress_titles_desc":"Oplev Harzen aktivt: nyd naturen, saml frim\u00e6rker og n\u00e5 uforglemmelige vandredestinationer med Harzens vandren\u00e5l.","_seopress_robots_index":"","wp_typography_post_enhancements_disabled":false,"iawp_total_views":12,"footnotes":""},"hf_cat_page":[],"class_list":["post-17824","page","type-page","status-publish","has-post-thumbnail"],"blocksy_meta":[],"_links":{"self":[{"href":"https:\/\/www.harzer-wandernadel.de\/da\/wp-json\/wp\/v2\/pages\/17824","targetHints":{"allow":["GET"]}}],"collection":[{"href":"https:\/\/www.harzer-wandernadel.de\/da\/wp-json\/wp\/v2\/pages"}],"about":[{"href":"https:\/\/www.harzer-wandernadel.de\/da\/wp-json\/wp\/v2\/types\/page"}],"author":[{"embeddable":true,"href":"https:\/\/www.harzer-wandernadel.de\/da\/wp-json\/wp\/v2\/users\/1"}],"replies":[{"embeddable":true,"href":"https:\/\/www.harzer-wandernadel.de\/da\/wp-json\/wp\/v2\/comments?post=17824"}],"version-history":[{"count":1,"href":"https:\/\/www.harzer-wandernadel.de\/da\/wp-json\/wp\/v2\/pages\/17824\/revisions"}],"predecessor-version":[{"id":17825,"href":"https:\/\/www.harzer-wandernadel.de\/da\/wp-json\/wp\/v2\/pages\/17824\/revisions\/17825"}],"wp:featuredmedia":[{"embeddable":true,"href":"https:\/\/www.harzer-wandernadel.de\/da\/wp-json\/wp\/v2\/media\/13747"}],"wp:attachment":[{"href":"https:\/\/www.harzer-wandernadel.de\/da\/wp-json\/wp\/v2\/media?parent=17824"}],"wp:term":[{"taxonomy":"hf_cat_page","embeddable":true,"href":"https:\/\/www.harzer-wandernadel.de\/da\/wp-json\/wp\/v2\/hf_cat_page?post=17824"}],"curies":[{"name":"wp","href":"https:\/\/api.w.org\/{rel}","templated":true}]}}