{"id":17810,"date":"2016-01-24T22:37:04","date_gmt":"2016-01-24T21:37:04","guid":{"rendered":"https:\/\/www.harzer-wandernadel.de\/stempelcentre\/gps-download\/"},"modified":"2026-01-29T12:34:39","modified_gmt":"2026-01-29T11:34:39","slug":"gps-download","status":"publish","type":"page","link":"https:\/\/www.harzer-wandernadel.de\/da\/stempelcentre\/gps-download\/","title":{"rendered":"GPS-download"},"content":{"rendered":"\n<p>Ud over tra\u00addi\u00adtio\u00adnel\u00adle van\u00addre\u00adkort bru\u00adger fle\u00adre og fle\u00adre van\u00addre\u00adre ogs\u00e5 en GPS-enhed til at ori\u00aden\u00adte\u00adre sig i&nbsp;ter\u00adr\u00e6\u00adnet. GPS-enhe\u00adden g\u00f8r det let\u00adte\u00adre for is\u00e6r b\u00f8rn at bli\u00adve begej\u00adstre\u00adde for at van\u00addre, da tek\u00adno\u00adlo\u00adgi og even\u00adtyr er meget vig\u00adtigt for dem, n\u00e5r det g\u00e6l\u00adder fritidsaktiviteter.&nbsp;<\/p>\n\n<p>Der\u00adfor vil vi ger\u00adne f\u00f8l\u00adge tren\u00adden og opfyl\u00adde de man\u00adge anmod\u00adnin\u00adger fra van\u00addre\u00adre om GPS-data for stem\u00adpel\u00adpunk\u00adter\u00adne i&nbsp;Harzer Wandernadel.<\/p>\n\n<p>Vi beder om for\u00adst\u00e5\u00adel\u00adse for, at vi ikke selv kan ind\u00adsam\u00adle alle data, hvil\u00adket kan resul\u00adte\u00adre i&nbsp;trans\u00admis\u00adsions\u00adfejl. Det er der\u00adfor muligt, at de angiv\u00adne data kan afvi\u00adge fra de fak\u00adti\u00adske pla\u00adce\u00adrin\u00adger af stem\u00adplings\u00adcen\u00adtre\u00adne. Oplys\u00adnin\u00adger om s\u00e5dan\u00adne afvi\u00adgel\u00adser eller kor\u00adri\u00adge\u00adre\u00adde data for dis\u00adse ste\u00adder er velkomne.&nbsp;<\/p>\n\n<h2 class=\"wp-block-heading has-text-align-center\"><strong>Downloads<\/strong><\/h2>\n\n<div class=\"wp-block-stackable-columns alignwide stk-block-columns stk-block stk-a626a64\" id=\"Feature-Boxen-3\" data-block-id=\"a626a64\"><style>.stk-a626a64 {margin-bottom:3% !important;}.stk-a626a64-column{--stk-columns-spacing:0px !important;--stk-column-gap:24px !important;}@media screen and (max-width:999px){.stk-a626a64-column{row-gap:24px !important;}}@media screen and (max-width:689px){.stk-a626a64 {margin-bottom:0px !important;}}<\/style><div class=\"stk-row stk-inner-blocks stk-block-content stk-content-align stk-a626a64-column alignwide\">\n<div class=\"wp-block-stackable-column stk-block-column stk-column stk-block stk-0a3161b stk-block-background feature-box\" data-v=\"4\" data-block-id=\"0a3161b\"><style>.stk-0a3161b-inner-blocks{justify-content:center !important;row-gap:0px !important;}.stk-0a3161b {background-color:var(--theme-palette-color-5, #AF9E7E) !important;border-top-left-radius:12px !important;border-top-right-radius:12px !important;border-bottom-right-radius:12px !important;border-bottom-left-radius:12px !important;overflow:hidden !important;}.stk-0a3161b:before{background-color:var(--theme-palette-color-5, #AF9E7E) !important;}.stk-0a3161b:hover{transform:scale(1.05) !important;}@media screen and (min-width:690px) and (max-width:999px){.stk-0a3161b {flex:var(--stk-flex-grow, 1) 1 calc(100% - var(--stk-column-gap, 0px) * 0 \/ 1 ) !important;}}@media screen and (max-width:689px){.stk-0a3161b {flex:var(--stk-flex-grow, 1) 1 calc(100% - var(--stk-column-gap, 0px) * 0 \/ 1 ) !important;}}<\/style><div class=\"stk-column-wrapper stk-block-column__content stk-container stk-0a3161b-container stk--no-background stk--no-padding\"><div class=\"has-text-align-center stk--column-flex stk-block-content stk-inner-blocks stk-0a3161b-inner-blocks\">\n<div class=\"wp-block-stackable-image stk-block-image stk-block stk-338e574\" data-block-id=\"338e574\"><style>.stk-338e574 .stk-img-wrapper{width:25% !important;}.stk-338e574 .stk-img-wrapper img{filter:opacity(0.8) !important;object-fit:contain !important;}<\/style><figure><span class=\"stk-img-wrapper stk-image--shape-stretch\"><img alt decoding=\"async\" class=\"stk-img wp-image-13779\" src=\"https:\/\/www.harzer-wandernadel.de\/wp-content\/uploads\/2025\/08\/gps-download_weiss.svg\" width=\"25\" height=\"300\"><\/span><\/figure><\/div>\n\n\n\n<div class=\"wp-block-stackable-heading stk-block-heading stk-block-heading--v2 stk-block stk-07e4ff6\" id=\"span-style-color-var-theme-palette-color-3-000000-class-stk-highlight-gpx-daten-stempelstellen-span\" data-block-id=\"07e4ff6\"><style>.stk-07e4ff6 .stk-block-heading__text{color:var(--theme-palette-color-7, #ffffff) !important;}<\/style><h4 class=\"stk-block-heading__text has-text-color has-text-align-center\"><span style=\"color: var(--theme-palette-color-3, #000000);\" class=\"stk-highlight\">GPX-datapunkter til stempling&nbsp;<\/span><\/h4><\/div>\n\n\n\n<p>ZIP-arkiv pak\u00adket<br>Sta\u00adtus: 23.04.2025<\/p>\n<\/div><a class=\"stk-link stk-block-link stk--transparent-overlay\" href=\"https:\/\/www.harzer-wandernadel.de\/wp-content\/uploads\/2025\/05\/GPX-Daten-Stempelstellen-ZIP-Archiv-gepackt-Stand-23.04.2025.zip\" aria-hidden=\"true\" tabindex=\"-1\"><\/a><\/div><\/div>\n\n\n\n<div class=\"wp-block-stackable-column stk-block-column stk-column stk-block stk-eba419f stk-block-background feature-box\" data-v=\"4\" data-block-id=\"eba419f\"><style>.stk-eba419f-inner-blocks{justify-content:center !important;row-gap:0px !important;}.stk-eba419f {background-color:var(--theme-palette-color-8, #a18562) !important;border-top-left-radius:12px !important;border-top-right-radius:12px !important;border-bottom-right-radius:12px !important;border-bottom-left-radius:12px !important;overflow:hidden !important;}.stk-eba419f:before{background-color:var(--theme-palette-color-8, #a18562) !important;}.stk-eba419f:hover{transform:scale(1.05) !important;}@media screen and (min-width:690px) and (max-width:999px){.stk-eba419f {flex:var(--stk-flex-grow, 1) 1 calc(100% - var(--stk-column-gap, 0px) * 0 \/ 1 ) !important;}}@media screen and (max-width:689px){.stk-eba419f {flex:var(--stk-flex-grow, 1) 1 calc(100% - var(--stk-column-gap, 0px) * 0 \/ 1 ) !important;}}<\/style><style class=\"stk-custom-css\">.stk-eba419f.stk-block-column{aspect-ratio:2 \/ 1 !important}<\/style><div class=\"stk-column-wrapper stk-block-column__content stk-container stk-eba419f-container stk--no-background stk--no-padding\"><div class=\"has-text-align-center stk--column-flex stk-block-content stk-inner-blocks stk-eba419f-inner-blocks\">\n<div class=\"wp-block-stackable-image stk-block-image stk-block stk-989f80e\" data-block-id=\"989f80e\"><style>.stk-989f80e .stk-img-wrapper{width:25% !important;}.stk-989f80e .stk-img-wrapper img{filter:opacity(0.8) !important;object-fit:contain !important;}<\/style><figure><span class=\"stk-img-wrapper stk-image--shape-stretch\"><img alt decoding=\"async\" class=\"stk-img wp-image-13779\" src=\"https:\/\/www.harzer-wandernadel.de\/wp-content\/uploads\/2025\/08\/gps-download_weiss.svg\" width=\"25\" height=\"300\"><\/span><\/figure><\/div>\n\n\n\n<div class=\"wp-block-stackable-heading stk-block-heading stk-block-heading--v2 stk-block stk-0327c9a\" id=\"span-style-color-var-theme-palette-color-3-000000-class-stk-highlight-gpi-daten-stempelstellen-span\" data-block-id=\"0327c9a\"><style>.stk-0327c9a .stk-block-heading__text{color:var(--theme-palette-color-7, #ffffff) !important;}<\/style><h4 class=\"stk-block-heading__text has-text-color has-text-align-center\"><span style=\"color: var(--theme-palette-color-3, #000000);\" class=\"stk-highlight\">GPI-data Stempelcentre  <\/span><\/h4><\/div>\n\n\n\n<p>ZIP arkiv til Gar\u00admin<br>Sta\u00adtus: 23.04.2025<\/p>\n<\/div><a class=\"stk-link stk-block-link stk--transparent-overlay\" href=\"https:\/\/www.harzer-wandernadel.de\/wp-content\/uploads\/2025\/05\/GPI-Daten-Stempelstellen-ZIP-Archiv-fuer-GARMIN-Stand-23.04.2025.zip\" aria-hidden=\"true\" tabindex=\"-1\"><\/a><\/div><\/div>\n<\/div><\/div>\n\n<div class=\"wp-block-stackable-text stk-block-text stk-block stk-ee39db8\" data-block-id=\"ee39db8\"><style>.stk-ee39db8 {max-width:500px !important;min-width:auto !important;margin-right:auto !important;margin-bottom:0px !important;margin-left:auto !important;}<\/style><p class=\"stk-block-text__text has-text-align-center\">Vi vil ger\u00adne tak\u00adke <a href=\"http:\/\/der-gruendel.de\/\" target=\"_blank\" rel=\"noopener\">Mar\u00adkus Gr\u00fcn\u00addel<\/a> fra Han\u00adnover for ven\u00adligt at have for\u00adbe\u00adredt og stil\u00adlet dis\u00adse data til r\u00e5dighed!<\/p><\/div>\n\n<div style=\"height:6vh\" aria-hidden=\"true\" class=\"wp-block-spacer\"><\/div>\n\n<div class=\"wp-block-group is-layout-constrained wp-block-group-is-layout-constrained\">\n<h3 class=\"wp-block-heading\">Vilk\u00e5r for&nbsp;brug<\/h3>\n\n\n\n<p>Bru\u00adgen af GPS-data\u00ade\u00adne p\u00e5 den\u00adne hjem\u00admesi\u00adde er gra\u00adtis for pri\u00advat\u00adper\u00adso\u00adner til per\u00adson\u00adlig brug. Kom\u00admerci\u00adel brug er kun mulig efter for\u00adud\u00adg\u00e5\u00aden\u00adde afta\u00adle. Afvi\u00adgel\u00adser i&nbsp;de leve\u00adre\u00adde data fra de fak\u00adti\u00adske pla\u00adce\u00adrin\u00adger af stem\u00adpel\u00adpunk\u00adter\u00adne er muli\u00adge. Aktions\u00adgrup\u00adpen Harzer Wan\u00adder\u00adna\u00addel ude\u00adluk\u00adker ansvar af enhver art.&nbsp;<\/p>\n<\/div>\n\n<div style=\"height:6vh\" aria-hidden=\"true\" class=\"wp-block-spacer\"><\/div>\n\n<div class=\"wp-block-group is-layout-constrained wp-block-group-is-layout-constrained\">\n<h3 class=\"wp-block-heading\">Bem\u00e6rk venligst: <br><span style=\"color: var(--theme-palette-color-4, #7A1B11);\" class=\"stk-highlight\">Risici ved at vandre med&nbsp;GPS<\/span><\/h3>\n\n\n\n<p>Den sto\u00adre fare lig\u00adger i&nbsp;at sto\u00adle for meget p\u00e5 GPS som hj\u00e6lpemiddel.<\/p>\n\n\n\n<p>Husk p\u00e5 dine ture, at bat\u00adte\u00adri\u00adet kan l\u00f8be t\u00f8r, at mod\u00adta\u00adgel\u00adse kan bli\u00adve umu\u00adlig p\u00e5 grund af topo\u00adgra\u00adfi\u00aden, eller at enhe\u00adden kan svig\u00adte p\u00e5 grund af en meka\u00adnisk defekt. I&nbsp;s\u00e5dan\u00adne til\u00adf\u00e6l\u00adde b\u00f8r du altid tage et kort og om n\u00f8d\u00adven\u00addigt et kom\u00adpas med dig, is\u00e6r p\u00e5 l\u00e6n\u00adge\u00adre vandreture.&nbsp;<\/p>\n\n\n\n<p>N\u00f8j\u00adag\u00adtig\u00adhe\u00adden af GPS-enhe\u00adder kan v\u00e6re begr\u00e6n\u00adset, is\u00e6r i&nbsp;Harzen, p\u00e5 grund af d\u00e5r\u00adlig mod\u00adta\u00adgel\u00adse for\u00ad\u00e5r\u00adsa\u00adget af den s\u00e6r\u00adligt stej\u00adle posi\u00adtion af de m\u00e5l\u00adret\u00adte\u00adde satel\u00adlit\u00adter, skyg\u00adge fra klip\u00adper, sko\u00adve, dale osv. og fle\u00adre sig\u00adna\u00adler p\u00e5 grund af muli\u00adge reflek\u00adsio\u00adner, f.eks. p\u00e5 sto\u00adre stej\u00adle klip\u00adpe\u00adv\u00e6g\u00adge. Det\u00adte er end\u00adnu en grund til, at det er til\u00adr\u00e5\u00adde\u00adligt at tage et kort med til yder\u00adli\u00adge\u00adre orientering.&nbsp;<\/p>\n<\/div>\n","protected":false},"excerpt":{"rendered":"<p>Ud over tra\u00addi\u00adtio\u00adnel\u00adle van\u00addre\u00adkort bru\u00adger fle\u00adre og fle\u00adre van\u00addre\u00adre ogs\u00e5 en GPS-enhed til at ori\u00aden\u00adte\u00adre sig i&nbsp;ter\u00adr\u00e6\u00adnet. GPS-enhe\u00ad\u00adden g\u00f8r det let\u00adte\u00adre for is\u00e6r b\u00f8rn at bli\u00adve begej\u00adstre\u00adde for at van\u00addre, da tek\u00adno\u00adlo\u00adgi og even\u00adtyr er meget vig\u00adtigt for dem, n\u00e5r det g\u00e6l\u00adder fri\u00adtidsak\u00adti\u00advi\u00adte\u00adter.&nbsp; Der\u00adfor vil vi ger\u00adne f\u00f8l\u00adge tren\u00adden og opfyl\u00adde de man\u00adge anmod\u00adnin\u00adger&nbsp;fra&nbsp;[\u2026]<\/p>\n","protected":false},"author":1,"featured_media":13747,"parent":17789,"menu_order":2400,"comment_status":"closed","ping_status":"closed","template":"","meta":{"_seopress_robots_primary_cat":"","_seopress_titles_title":"","_seopress_titles_desc":"","_seopress_robots_index":"","wp_typography_post_enhancements_disabled":false,"iawp_total_views":4,"footnotes":""},"hf_cat_page":[],"class_list":["post-17810","page","type-page","status-publish","has-post-thumbnail"],"blocksy_meta":[],"_links":{"self":[{"href":"https:\/\/www.harzer-wandernadel.de\/da\/wp-json\/wp\/v2\/pages\/17810","targetHints":{"allow":["GET"]}}],"collection":[{"href":"https:\/\/www.harzer-wandernadel.de\/da\/wp-json\/wp\/v2\/pages"}],"about":[{"href":"https:\/\/www.harzer-wandernadel.de\/da\/wp-json\/wp\/v2\/types\/page"}],"author":[{"embeddable":true,"href":"https:\/\/www.harzer-wandernadel.de\/da\/wp-json\/wp\/v2\/users\/1"}],"replies":[{"embeddable":true,"href":"https:\/\/www.harzer-wandernadel.de\/da\/wp-json\/wp\/v2\/comments?post=17810"}],"version-history":[{"count":1,"href":"https:\/\/www.harzer-wandernadel.de\/da\/wp-json\/wp\/v2\/pages\/17810\/revisions"}],"predecessor-version":[{"id":17820,"href":"https:\/\/www.harzer-wandernadel.de\/da\/wp-json\/wp\/v2\/pages\/17810\/revisions\/17820"}],"up":[{"embeddable":true,"href":"https:\/\/www.harzer-wandernadel.de\/da\/wp-json\/wp\/v2\/pages\/17789"}],"wp:featuredmedia":[{"embeddable":true,"href":"https:\/\/www.harzer-wandernadel.de\/da\/wp-json\/wp\/v2\/media\/13747"}],"wp:attachment":[{"href":"https:\/\/www.harzer-wandernadel.de\/da\/wp-json\/wp\/v2\/media?parent=17810"}],"wp:term":[{"taxonomy":"hf_cat_page","embeddable":true,"href":"https:\/\/www.harzer-wandernadel.de\/da\/wp-json\/wp\/v2\/hf_cat_page?post=17810"}],"curies":[{"name":"wp","href":"https:\/\/api.w.org\/{rel}","templated":true}]}}